{"id":7747,"date":"2026-03-22T17:24:56","date_gmt":"2026-03-22T17:24:56","guid":{"rendered":"https:\/\/uanibaby.com\/?post_type=product&#038;p=7747"},"modified":"2026-03-22T17:29:26","modified_gmt":"2026-03-22T17:29:26","slug":"fofo-soft-brown","status":"publish","type":"product","link":"https:\/\/uanibaby.com\/es\/product\/fofo-soft-brown\/","title":{"rendered":"Fofo Soft Brown &#8211; Fofo de Malha castanho para beb\u00e9"},"content":{"rendered":"<p class=\"p1\"><span class=\"s1\">O <\/span><span class=\"s2\">Fofo Soft Brown<\/span><span class=\"s1\"> \u00e9 um fofo de malha suave e confort\u00e1vel, perfeito para criar looks delicados e divertidos para o beb\u00e9.<\/span><\/p>\n<p class=\"p1\"><span class=\"s1\">Com um design minimalista em tom castanho e <\/span><span class=\"s2\">pequenos detalhes<\/span><span class=\"s1\">, este modelo acrescenta um toque subtil e encantador. As al\u00e7as com bot\u00f5es facilitam o vestir e o fecho inferior torna a muda da fralda pr\u00e1tica no dia a dia.<\/span><\/p>\n<p class=\"p1\"><span class=\"s1\">Ideal para passeios, ocasi\u00f5es especiais ou para um look simples com um toque diferente.<\/span><\/p>\n<h3><span class=\"s1\">\u2728 Caracter\u00edsticas:<\/span><\/h3>\n<ul>\n<li>\n<p class=\"p1\"><span class=\"s1\">Fofo de malha suave e confort\u00e1vel<\/span><\/p>\n<\/li>\n<li>\n<p class=\"p1\"><span class=\"s1\">Detalhes delicados\u00a0<\/span><\/p>\n<\/li>\n<li>\n<p class=\"p1\"><span class=\"s1\">Al\u00e7as com bot\u00f5es para vestir facilmente<\/span><\/p>\n<\/li>\n<li>\n<p class=\"p1\"><span class=\"s1\">Fecho inferior pr\u00e1tico<\/span><\/p>\n<\/li>\n<li>\n<p class=\"p1\"><span class=\"s1\">Corte confort\u00e1vel para liberdade de movimento<\/span><\/p>\n<\/li>\n<li>\n<p class=\"p1\"><span class=\"s1\">Estilo minimalista com toque divertido<\/span><\/p>\n<\/li>\n<\/ul>","protected":false},"excerpt":{"rendered":"<p class=\"p1\"><span class=\"s1\">O <\/span><span class=\"s2\">Fofo Soft Brown<\/span><span class=\"s1\"> \u00e9 um fofo de malha suave e confort\u00e1vel, perfeito para criar looks delicados e divertidos para o beb\u00e9.<\/span><\/p>\n<p class=\"p1\"><span class=\"s1\">Com um design minimalista em tom bege e <\/span><span class=\"s2\">pequenos detalhes<\/span><span class=\"s1\">, este modelo acrescenta um toque subtil e encantador. As al\u00e7as com bot\u00f5es facilitam o vestir e o fecho inferior torna a muda da fralda pr\u00e1tica no dia a dia.<\/span><\/p>\n<p class=\"p1\"><span class=\"s1\">Ideal para passeios, ocasi\u00f5es especiais ou para um look simples com um toque diferente.<\/span><\/p>\n<h3><span class=\"s1\">\u2728 Caracter\u00edsticas:<\/span><\/h3>\n<ul>\n<li>\n<p class=\"p1\"><span class=\"s1\">Fofo de malha suave e confort\u00e1vel<\/span><\/p>\n<\/li>\n<li>\n<p class=\"p1\"><span class=\"s1\">Detalhes delicados<\/span><\/p>\n<\/li>\n<li>\n<p class=\"p1\"><span class=\"s1\">Al\u00e7as com bot\u00f5es para vestir facilmente<\/span><\/p>\n<\/li>\n<li>\n<p class=\"p1\"><span class=\"s1\">Fecho inferior pr\u00e1tico<\/span><\/p>\n<\/li>\n<li>\n<p class=\"p1\"><span class=\"s1\">Corte confort\u00e1vel para liberdade de movimento<\/span><\/p>\n<\/li>\n<li>\n<p class=\"p1\"><span class=\"s1\">Estilo minimalista com toque divertido<\/span><\/p>\n<\/li>\n<\/ul>","protected":false},"featured_media":7750,"comment_status":"open","ping_status":"closed","template":"","meta":[],"product_brand":[],"product_cat":[125],"product_tag":[],"class_list":{"0":"post-7747","1":"product","2":"type-product","3":"status-publish","4":"has-post-thumbnail","6":"product_cat-fofos","8":"first","9":"instock","10":"purchasable","11":"product-type-variable"},"yoast_head":"<!-- This site is optimized with the Yoast SEO plugin v26.4 - https:\/\/yoast.com\/wordpress\/plugins\/seo\/ -->\n<title>Fofo Soft Brown - Fofo de Malha castanho para beb\u00e9 - uani baby<\/title>\n<meta name=\"description\" content=\"Fofo Soft Brown, em malha castanha com pequenos detalhes, perfeito para looks delicados com um toque divertido e minimalista.\" \/>\n<meta name=\"robots\" content=\"index, follow, max-snippet:-1, max-image-preview:large, max-video-preview:-1\" \/>\n<link rel=\"canonical\" href=\"https:\/\/uanibaby.com\/es\/product\/fofo-soft-brown\/\" \/>\n<meta property=\"og:locale\" content=\"es_ES\" \/>\n<meta property=\"og:type\" content=\"article\" \/>\n<meta property=\"og:title\" content=\"Fofo Soft Brown - Fofo de Malha castanho para beb\u00e9 - uani baby\" \/>\n<meta property=\"og:description\" content=\"Fofo Soft Brown, em malha castanha com pequenos detalhes, perfeito para looks delicados com um toque divertido e minimalista.\" \/>\n<meta property=\"og:url\" content=\"https:\/\/uanibaby.com\/es\/product\/fofo-soft-brown\/\" \/>\n<meta property=\"og:site_name\" content=\"uani baby\" \/>\n<meta property=\"article:publisher\" content=\"https:\/\/www.facebook.com\/profile.php?id=100077602208908\" \/>\n<meta property=\"article:modified_time\" content=\"2026-03-22T17:29:26+00:00\" \/>\n<meta property=\"og:image\" content=\"https:\/\/uanibaby.com\/wp-content\/uploads\/2026\/03\/IMG_4424-scaled.jpg\" \/>\n\t<meta property=\"og:image:width\" content=\"1920\" \/>\n\t<meta property=\"og:image:height\" content=\"2560\" \/>\n\t<meta property=\"og:image:type\" content=\"image\/jpeg\" \/>\n<meta name=\"twitter:card\" content=\"summary_large_image\" \/>\n<meta name=\"twitter:label1\" content=\"Tiempo de lectura\" \/>\n\t<meta name=\"twitter:data1\" content=\"1 minuto\" \/>\n<script type=\"application\/ld+json\" class=\"yoast-schema-graph\">{\"@context\":\"https:\/\/schema.org\",\"@graph\":[{\"@type\":\"WebPage\",\"@id\":\"https:\/\/uanibaby.com\/product\/fofo-soft-brown\/\",\"url\":\"https:\/\/uanibaby.com\/product\/fofo-soft-brown\/\",\"name\":\"Fofo Soft Brown - Fofo de Malha castanho para beb\u00e9 - uani baby\",\"isPartOf\":{\"@id\":\"https:\/\/uanibaby.com\/#website\"},\"primaryImageOfPage\":{\"@id\":\"https:\/\/uanibaby.com\/product\/fofo-soft-brown\/#primaryimage\"},\"image\":{\"@id\":\"https:\/\/uanibaby.com\/product\/fofo-soft-brown\/#primaryimage\"},\"thumbnailUrl\":\"https:\/\/uanibaby.com\/wp-content\/uploads\/2026\/03\/IMG_4424-scaled.jpg\",\"datePublished\":\"2026-03-22T17:24:56+00:00\",\"dateModified\":\"2026-03-22T17:29:26+00:00\",\"description\":\"Fofo Soft Brown, em malha castanha com pequenos detalhes, perfeito para looks delicados com um toque divertido e minimalista.\",\"breadcrumb\":{\"@id\":\"https:\/\/uanibaby.com\/product\/fofo-soft-brown\/#breadcrumb\"},\"inLanguage\":\"es\",\"potentialAction\":[{\"@type\":\"ReadAction\",\"target\":[\"https:\/\/uanibaby.com\/product\/fofo-soft-brown\/\"]}]},{\"@type\":\"ImageObject\",\"inLanguage\":\"es\",\"@id\":\"https:\/\/uanibaby.com\/product\/fofo-soft-brown\/#primaryimage\",\"url\":\"https:\/\/uanibaby.com\/wp-content\/uploads\/2026\/03\/IMG_4424-scaled.jpg\",\"contentUrl\":\"https:\/\/uanibaby.com\/wp-content\/uploads\/2026\/03\/IMG_4424-scaled.jpg\",\"width\":1920,\"height\":2560},{\"@type\":\"BreadcrumbList\",\"@id\":\"https:\/\/uanibaby.com\/product\/fofo-soft-brown\/#breadcrumb\",\"itemListElement\":[{\"@type\":\"ListItem\",\"position\":1,\"name\":\"Home\",\"item\":\"https:\/\/uanibaby.com\/\"},{\"@type\":\"ListItem\",\"position\":2,\"name\":\"Shop\",\"item\":\"https:\/\/uanibaby.com\/shop\/\"},{\"@type\":\"ListItem\",\"position\":3,\"name\":\"Fofo Soft Brown &#8211; Fofo de Malha castanho para beb\u00e9\"}]},{\"@type\":\"WebSite\",\"@id\":\"https:\/\/uanibaby.com\/#website\",\"url\":\"https:\/\/uanibaby.com\/\",\"name\":\"Uani Baby\",\"description\":\"Artigos personalizados para beb\u00e9 e acess\u00f3rios de organiza\u00e7\u00e3o\",\"publisher\":{\"@id\":\"https:\/\/uanibaby.com\/#organization\"},\"alternateName\":\"Uani\",\"potentialAction\":[{\"@type\":\"SearchAction\",\"target\":{\"@type\":\"EntryPoint\",\"urlTemplate\":\"https:\/\/uanibaby.com\/?s={search_term_string}\"},\"query-input\":{\"@type\":\"PropertyValueSpecification\",\"valueRequired\":true,\"valueName\":\"search_term_string\"}}],\"inLanguage\":\"es\"},{\"@type\":\"Organization\",\"@id\":\"https:\/\/uanibaby.com\/#organization\",\"name\":\"uani baby\",\"url\":\"https:\/\/uanibaby.com\/\",\"logo\":{\"@type\":\"ImageObject\",\"inLanguage\":\"es\",\"@id\":\"https:\/\/uanibaby.com\/#\/schema\/logo\/image\/\",\"url\":\"https:\/\/uanibaby.com\/wp-content\/uploads\/2024\/07\/Logos-04-Artboard-1-Copy-3.jpg\",\"contentUrl\":\"https:\/\/uanibaby.com\/wp-content\/uploads\/2024\/07\/Logos-04-Artboard-1-Copy-3.jpg\",\"width\":2363,\"height\":2364,\"caption\":\"uani baby\"},\"image\":{\"@id\":\"https:\/\/uanibaby.com\/#\/schema\/logo\/image\/\"},\"sameAs\":[\"https:\/\/www.facebook.com\/profile.php?id=100077602208908\",\"https:\/\/www.instagram.com\/uani.baby\/\"]}]}<\/script>\n<!-- \/ Yoast SEO plugin. -->","yoast_head_json":{"title":"Fofo Soft Brown - Fofo de Malha castanho para beb\u00e9 - uani baby","description":"Fofo Soft Brown, em malha castanha com pequenos detalhes, perfeito para looks delicados com um toque divertido e minimalista.","robots":{"index":"index","follow":"follow","max-snippet":"max-snippet:-1","max-image-preview":"max-image-preview:large","max-video-preview":"max-video-preview:-1"},"canonical":"https:\/\/uanibaby.com\/es\/product\/fofo-soft-brown\/","og_locale":"es_ES","og_type":"article","og_title":"Fofo Soft Brown - Fofo de Malha castanho para beb\u00e9 - uani baby","og_description":"Fofo Soft Brown, em malha castanha com pequenos detalhes, perfeito para looks delicados com um toque divertido e minimalista.","og_url":"https:\/\/uanibaby.com\/es\/product\/fofo-soft-brown\/","og_site_name":"uani baby","article_publisher":"https:\/\/www.facebook.com\/profile.php?id=100077602208908","article_modified_time":"2026-03-22T17:29:26+00:00","og_image":[{"width":1920,"height":2560,"url":"https:\/\/uanibaby.com\/wp-content\/uploads\/2026\/03\/IMG_4424-scaled.jpg","type":"image\/jpeg"}],"twitter_card":"summary_large_image","twitter_misc":{"Tiempo de lectura":"1 minuto"},"schema":{"@context":"https:\/\/schema.org","@graph":[{"@type":"WebPage","@id":"https:\/\/uanibaby.com\/product\/fofo-soft-brown\/","url":"https:\/\/uanibaby.com\/product\/fofo-soft-brown\/","name":"Fofo Soft Brown - Fofo de Malha castanho para beb\u00e9 - uani baby","isPartOf":{"@id":"https:\/\/uanibaby.com\/#website"},"primaryImageOfPage":{"@id":"https:\/\/uanibaby.com\/product\/fofo-soft-brown\/#primaryimage"},"image":{"@id":"https:\/\/uanibaby.com\/product\/fofo-soft-brown\/#primaryimage"},"thumbnailUrl":"https:\/\/uanibaby.com\/wp-content\/uploads\/2026\/03\/IMG_4424-scaled.jpg","datePublished":"2026-03-22T17:24:56+00:00","dateModified":"2026-03-22T17:29:26+00:00","description":"Fofo Soft Brown, em malha castanha com pequenos detalhes, perfeito para looks delicados com um toque divertido e minimalista.","breadcrumb":{"@id":"https:\/\/uanibaby.com\/product\/fofo-soft-brown\/#breadcrumb"},"inLanguage":"es","potentialAction":[{"@type":"ReadAction","target":["https:\/\/uanibaby.com\/product\/fofo-soft-brown\/"]}]},{"@type":"ImageObject","inLanguage":"es","@id":"https:\/\/uanibaby.com\/product\/fofo-soft-brown\/#primaryimage","url":"https:\/\/uanibaby.com\/wp-content\/uploads\/2026\/03\/IMG_4424-scaled.jpg","contentUrl":"https:\/\/uanibaby.com\/wp-content\/uploads\/2026\/03\/IMG_4424-scaled.jpg","width":1920,"height":2560},{"@type":"BreadcrumbList","@id":"https:\/\/uanibaby.com\/product\/fofo-soft-brown\/#breadcrumb","itemListElement":[{"@type":"ListItem","position":1,"name":"Home","item":"https:\/\/uanibaby.com\/"},{"@type":"ListItem","position":2,"name":"Shop","item":"https:\/\/uanibaby.com\/shop\/"},{"@type":"ListItem","position":3,"name":"Fofo Soft Brown &#8211; Fofo de Malha castanho para beb\u00e9"}]},{"@type":"WebSite","@id":"https:\/\/uanibaby.com\/#website","url":"https:\/\/uanibaby.com\/","name":"Uani Baby","description":"Artigos personalizados para beb\u00e9 e acess\u00f3rios de organiza\u00e7\u00e3o","publisher":{"@id":"https:\/\/uanibaby.com\/#organization"},"alternateName":"Uani","potentialAction":[{"@type":"SearchAction","target":{"@type":"EntryPoint","urlTemplate":"https:\/\/uanibaby.com\/?s={search_term_string}"},"query-input":{"@type":"PropertyValueSpecification","valueRequired":true,"valueName":"search_term_string"}}],"inLanguage":"es"},{"@type":"Organization","@id":"https:\/\/uanibaby.com\/#organization","name":"uani baby","url":"https:\/\/uanibaby.com\/","logo":{"@type":"ImageObject","inLanguage":"es","@id":"https:\/\/uanibaby.com\/#\/schema\/logo\/image\/","url":"https:\/\/uanibaby.com\/wp-content\/uploads\/2024\/07\/Logos-04-Artboard-1-Copy-3.jpg","contentUrl":"https:\/\/uanibaby.com\/wp-content\/uploads\/2024\/07\/Logos-04-Artboard-1-Copy-3.jpg","width":2363,"height":2364,"caption":"uani baby"},"image":{"@id":"https:\/\/uanibaby.com\/#\/schema\/logo\/image\/"},"sameAs":["https:\/\/www.facebook.com\/profile.php?id=100077602208908","https:\/\/www.instagram.com\/uani.baby\/"]}]}},"_links":{"self":[{"href":"https:\/\/uanibaby.com\/es\/wp-json\/wp\/v2\/product\/7747","targetHints":{"allow":["GET"]}}],"collection":[{"href":"https:\/\/uanibaby.com\/es\/wp-json\/wp\/v2\/product"}],"about":[{"href":"https:\/\/uanibaby.com\/es\/wp-json\/wp\/v2\/types\/product"}],"replies":[{"embeddable":true,"href":"https:\/\/uanibaby.com\/es\/wp-json\/wp\/v2\/comments?post=7747"}],"wp:featuredmedia":[{"embeddable":true,"href":"https:\/\/uanibaby.com\/es\/wp-json\/wp\/v2\/media\/7750"}],"wp:attachment":[{"href":"https:\/\/uanibaby.com\/es\/wp-json\/wp\/v2\/media?parent=7747"}],"wp:term":[{"taxonomy":"product_brand","embeddable":true,"href":"https:\/\/uanibaby.com\/es\/wp-json\/wp\/v2\/product_brand?post=7747"},{"taxonomy":"product_cat","embeddable":true,"href":"https:\/\/uanibaby.com\/es\/wp-json\/wp\/v2\/product_cat?post=7747"},{"taxonomy":"product_tag","embeddable":true,"href":"https:\/\/uanibaby.com\/es\/wp-json\/wp\/v2\/product_tag?post=7747"}],"curies":[{"name":"wp","href":"https:\/\/api.w.org\/{rel}","templated":true}]}}