{"id":7741,"date":"2026-03-22T15:43:59","date_gmt":"2026-03-22T15:43:59","guid":{"rendered":"https:\/\/uanibaby.com\/?post_type=product&#038;p=7741"},"modified":"2026-03-22T15:50:42","modified_gmt":"2026-03-22T15:50:42","slug":"fofo-pink-flowers","status":"publish","type":"product","link":"https:\/\/uanibaby.com\/es\/product\/fofo-pink-flowers\/","title":{"rendered":"Fofo Pink Flowers &#8211; Fofo de Malha para beb\u00e9"},"content":{"rendered":"<p data-start=\"187\" data-end=\"314\">O <strong data-start=\"189\" data-end=\"210\">Fofo Pink Flowers<\/strong> \u00e9 um fofo de malha suave e confort\u00e1vel, perfeito para criar looks delicados e encantadores para o beb\u00e9.<\/p>\n<p data-start=\"316\" data-end=\"562\">Com pequenas <strong data-start=\"329\" data-end=\"371\">flores em tom rosa aplicadas em relevo<\/strong>, este modelo acrescenta um toque doce e rom\u00e2ntico, mantendo um estilo minimalista. O fecho inferior facilita a muda da fralda e o corte confort\u00e1vel garante liberdade de movimento.<\/p>\n<p data-start=\"564\" data-end=\"653\">Ideal para passeios, ocasi\u00f5es especiais ou para looks do dia a dia com um toque especial.<\/p>\n<h3 data-section-id=\"rxa1x3\" data-start=\"655\" data-end=\"677\">\u2728 Caracter\u00edsticas:<\/h3>\n<ul data-start=\"678\" data-end=\"859\">\n<li data-section-id=\"kjulmq\" data-start=\"678\" data-end=\"715\">Fofo de malha suave e confort\u00e1vel<\/li>\n<li data-section-id=\"j3j1k\" data-start=\"716\" data-end=\"748\">Flores delicadas em tom rosa<\/li>\n<li data-section-id=\"17zcatb\" data-start=\"749\" data-end=\"775\">Fecho inferior pr\u00e1tico<\/li>\n<li data-section-id=\"1e0lwub\" data-start=\"776\" data-end=\"825\">Corte confort\u00e1vel para liberdade de movimento<\/li>\n<li data-section-id=\"12b2rrn\" data-start=\"826\" data-end=\"859\">Estilo rom\u00e2ntico e intemporal<\/li>\n<\/ul>","protected":false},"excerpt":{"rendered":"<p data-start=\"187\" data-end=\"314\">O <strong data-start=\"189\" data-end=\"210\">Fofo Pink Flowers<\/strong> \u00e9 um fofo de malha suave e confort\u00e1vel, perfeito para criar looks delicados e encantadores para o beb\u00e9.<\/p>\n<p data-start=\"316\" data-end=\"562\">Com pequenas <strong data-start=\"329\" data-end=\"371\">flores em tom rosa aplicadas em relevo<\/strong>, este modelo acrescenta um toque doce e rom\u00e2ntico, mantendo um estilo minimalista. O fecho inferior facilita a muda da fralda e o corte confort\u00e1vel garante liberdade de movimento.<\/p>\n<p data-start=\"564\" data-end=\"653\">Ideal para passeios, ocasi\u00f5es especiais ou para looks do dia a dia com um toque especial.<\/p>\n<h3 data-section-id=\"rxa1x3\" data-start=\"655\" data-end=\"677\">\u2728 Caracter\u00edsticas:<\/h3>\n<ul data-start=\"678\" data-end=\"859\">\n<li data-section-id=\"kjulmq\" data-start=\"678\" data-end=\"715\">Fofo de malha suave e confort\u00e1vel<\/li>\n<li data-section-id=\"j3j1k\" data-start=\"716\" data-end=\"748\">Flores delicadas em tom rosa<\/li>\n<li data-section-id=\"17zcatb\" data-start=\"749\" data-end=\"775\">Fecho inferior pr\u00e1tico<\/li>\n<li data-section-id=\"1e0lwub\" data-start=\"776\" data-end=\"825\">Corte confort\u00e1vel para liberdade de movimento<\/li>\n<li data-section-id=\"12b2rrn\" data-start=\"826\" data-end=\"859\">Estilo rom\u00e2ntico e intemporal<\/li>\n<\/ul>","protected":false},"featured_media":7744,"comment_status":"open","ping_status":"closed","template":"","meta":[],"product_brand":[],"product_cat":[125],"product_tag":[],"class_list":{"0":"post-7741","1":"product","2":"type-product","3":"status-publish","4":"has-post-thumbnail","6":"product_cat-fofos","8":"first","9":"instock","10":"purchasable","11":"product-type-variable"},"yoast_head":"<!-- This site is optimized with the Yoast SEO plugin v26.4 - https:\/\/yoast.com\/wordpress\/plugins\/seo\/ -->\n<title>Fofo Pink Flowers - Fofo de Malha para beb\u00e9 - uani baby<\/title>\n<meta name=\"description\" content=\"Fofo Pink Flowers, fofo de malha para beb\u00e9 suave com flores delicadas em rosa, perfeito para looks doces e elegantes do beb\u00e9 \ud83c\udf38\ud83e\udd0d\" \/>\n<meta name=\"robots\" content=\"index, follow, max-snippet:-1, max-image-preview:large, max-video-preview:-1\" \/>\n<link rel=\"canonical\" href=\"https:\/\/uanibaby.com\/es\/product\/fofo-pink-flowers\/\" \/>\n<meta property=\"og:locale\" content=\"es_ES\" \/>\n<meta property=\"og:type\" content=\"article\" \/>\n<meta property=\"og:title\" content=\"Fofo Pink Flowers - Fofo de Malha para beb\u00e9 - uani baby\" \/>\n<meta property=\"og:description\" content=\"Fofo Pink Flowers, fofo de malha para beb\u00e9 suave com flores delicadas em rosa, perfeito para looks doces e elegantes do beb\u00e9 \ud83c\udf38\ud83e\udd0d\" \/>\n<meta property=\"og:url\" content=\"https:\/\/uanibaby.com\/es\/product\/fofo-pink-flowers\/\" \/>\n<meta property=\"og:site_name\" content=\"uani baby\" \/>\n<meta property=\"article:publisher\" content=\"https:\/\/www.facebook.com\/profile.php?id=100077602208908\" \/>\n<meta property=\"article:modified_time\" content=\"2026-03-22T15:50:42+00:00\" \/>\n<meta property=\"og:image\" content=\"https:\/\/uanibaby.com\/wp-content\/uploads\/2026\/03\/IMG_4431-scaled.jpg\" \/>\n\t<meta property=\"og:image:width\" content=\"1920\" \/>\n\t<meta property=\"og:image:height\" content=\"2560\" \/>\n\t<meta property=\"og:image:type\" content=\"image\/jpeg\" \/>\n<meta name=\"twitter:card\" content=\"summary_large_image\" \/>\n<meta name=\"twitter:label1\" content=\"Tiempo de lectura\" \/>\n\t<meta name=\"twitter:data1\" content=\"1 minuto\" \/>\n<script type=\"application\/ld+json\" class=\"yoast-schema-graph\">{\"@context\":\"https:\/\/schema.org\",\"@graph\":[{\"@type\":\"WebPage\",\"@id\":\"https:\/\/uanibaby.com\/product\/fofo-pink-flowers\/\",\"url\":\"https:\/\/uanibaby.com\/product\/fofo-pink-flowers\/\",\"name\":\"Fofo Pink Flowers - Fofo de Malha para beb\u00e9 - uani baby\",\"isPartOf\":{\"@id\":\"https:\/\/uanibaby.com\/#website\"},\"primaryImageOfPage\":{\"@id\":\"https:\/\/uanibaby.com\/product\/fofo-pink-flowers\/#primaryimage\"},\"image\":{\"@id\":\"https:\/\/uanibaby.com\/product\/fofo-pink-flowers\/#primaryimage\"},\"thumbnailUrl\":\"https:\/\/uanibaby.com\/wp-content\/uploads\/2026\/03\/IMG_4431-scaled.jpg\",\"datePublished\":\"2026-03-22T15:43:59+00:00\",\"dateModified\":\"2026-03-22T15:50:42+00:00\",\"description\":\"Fofo Pink Flowers, fofo de malha para beb\u00e9 suave com flores delicadas em rosa, perfeito para looks doces e elegantes do beb\u00e9 \ud83c\udf38\ud83e\udd0d\",\"breadcrumb\":{\"@id\":\"https:\/\/uanibaby.com\/product\/fofo-pink-flowers\/#breadcrumb\"},\"inLanguage\":\"es\",\"potentialAction\":[{\"@type\":\"ReadAction\",\"target\":[\"https:\/\/uanibaby.com\/product\/fofo-pink-flowers\/\"]}]},{\"@type\":\"ImageObject\",\"inLanguage\":\"es\",\"@id\":\"https:\/\/uanibaby.com\/product\/fofo-pink-flowers\/#primaryimage\",\"url\":\"https:\/\/uanibaby.com\/wp-content\/uploads\/2026\/03\/IMG_4431-scaled.jpg\",\"contentUrl\":\"https:\/\/uanibaby.com\/wp-content\/uploads\/2026\/03\/IMG_4431-scaled.jpg\",\"width\":1920,\"height\":2560},{\"@type\":\"BreadcrumbList\",\"@id\":\"https:\/\/uanibaby.com\/product\/fofo-pink-flowers\/#breadcrumb\",\"itemListElement\":[{\"@type\":\"ListItem\",\"position\":1,\"name\":\"Home\",\"item\":\"https:\/\/uanibaby.com\/\"},{\"@type\":\"ListItem\",\"position\":2,\"name\":\"Shop\",\"item\":\"https:\/\/uanibaby.com\/shop\/\"},{\"@type\":\"ListItem\",\"position\":3,\"name\":\"Fofo Pink Flowers &#8211; Fofo de Malha para beb\u00e9\"}]},{\"@type\":\"WebSite\",\"@id\":\"https:\/\/uanibaby.com\/#website\",\"url\":\"https:\/\/uanibaby.com\/\",\"name\":\"Uani Baby\",\"description\":\"Artigos personalizados para beb\u00e9 e acess\u00f3rios de organiza\u00e7\u00e3o\",\"publisher\":{\"@id\":\"https:\/\/uanibaby.com\/#organization\"},\"alternateName\":\"Uani\",\"potentialAction\":[{\"@type\":\"SearchAction\",\"target\":{\"@type\":\"EntryPoint\",\"urlTemplate\":\"https:\/\/uanibaby.com\/?s={search_term_string}\"},\"query-input\":{\"@type\":\"PropertyValueSpecification\",\"valueRequired\":true,\"valueName\":\"search_term_string\"}}],\"inLanguage\":\"es\"},{\"@type\":\"Organization\",\"@id\":\"https:\/\/uanibaby.com\/#organization\",\"name\":\"uani baby\",\"url\":\"https:\/\/uanibaby.com\/\",\"logo\":{\"@type\":\"ImageObject\",\"inLanguage\":\"es\",\"@id\":\"https:\/\/uanibaby.com\/#\/schema\/logo\/image\/\",\"url\":\"https:\/\/uanibaby.com\/wp-content\/uploads\/2024\/07\/Logos-04-Artboard-1-Copy-3.jpg\",\"contentUrl\":\"https:\/\/uanibaby.com\/wp-content\/uploads\/2024\/07\/Logos-04-Artboard-1-Copy-3.jpg\",\"width\":2363,\"height\":2364,\"caption\":\"uani baby\"},\"image\":{\"@id\":\"https:\/\/uanibaby.com\/#\/schema\/logo\/image\/\"},\"sameAs\":[\"https:\/\/www.facebook.com\/profile.php?id=100077602208908\",\"https:\/\/www.instagram.com\/uani.baby\/\"]}]}<\/script>\n<!-- \/ Yoast SEO plugin. -->","yoast_head_json":{"title":"Fofo Pink Flowers - Fofo de Malha para beb\u00e9 - uani baby","description":"Fofo Pink Flowers, fofo de malha para beb\u00e9 suave com flores delicadas em rosa, perfeito para looks doces e elegantes do beb\u00e9 \ud83c\udf38\ud83e\udd0d","robots":{"index":"index","follow":"follow","max-snippet":"max-snippet:-1","max-image-preview":"max-image-preview:large","max-video-preview":"max-video-preview:-1"},"canonical":"https:\/\/uanibaby.com\/es\/product\/fofo-pink-flowers\/","og_locale":"es_ES","og_type":"article","og_title":"Fofo Pink Flowers - Fofo de Malha para beb\u00e9 - uani baby","og_description":"Fofo Pink Flowers, fofo de malha para beb\u00e9 suave com flores delicadas em rosa, perfeito para looks doces e elegantes do beb\u00e9 \ud83c\udf38\ud83e\udd0d","og_url":"https:\/\/uanibaby.com\/es\/product\/fofo-pink-flowers\/","og_site_name":"uani baby","article_publisher":"https:\/\/www.facebook.com\/profile.php?id=100077602208908","article_modified_time":"2026-03-22T15:50:42+00:00","og_image":[{"width":1920,"height":2560,"url":"https:\/\/uanibaby.com\/wp-content\/uploads\/2026\/03\/IMG_4431-scaled.jpg","type":"image\/jpeg"}],"twitter_card":"summary_large_image","twitter_misc":{"Tiempo de lectura":"1 minuto"},"schema":{"@context":"https:\/\/schema.org","@graph":[{"@type":"WebPage","@id":"https:\/\/uanibaby.com\/product\/fofo-pink-flowers\/","url":"https:\/\/uanibaby.com\/product\/fofo-pink-flowers\/","name":"Fofo Pink Flowers - Fofo de Malha para beb\u00e9 - uani baby","isPartOf":{"@id":"https:\/\/uanibaby.com\/#website"},"primaryImageOfPage":{"@id":"https:\/\/uanibaby.com\/product\/fofo-pink-flowers\/#primaryimage"},"image":{"@id":"https:\/\/uanibaby.com\/product\/fofo-pink-flowers\/#primaryimage"},"thumbnailUrl":"https:\/\/uanibaby.com\/wp-content\/uploads\/2026\/03\/IMG_4431-scaled.jpg","datePublished":"2026-03-22T15:43:59+00:00","dateModified":"2026-03-22T15:50:42+00:00","description":"Fofo Pink Flowers, fofo de malha para beb\u00e9 suave com flores delicadas em rosa, perfeito para looks doces e elegantes do beb\u00e9 \ud83c\udf38\ud83e\udd0d","breadcrumb":{"@id":"https:\/\/uanibaby.com\/product\/fofo-pink-flowers\/#breadcrumb"},"inLanguage":"es","potentialAction":[{"@type":"ReadAction","target":["https:\/\/uanibaby.com\/product\/fofo-pink-flowers\/"]}]},{"@type":"ImageObject","inLanguage":"es","@id":"https:\/\/uanibaby.com\/product\/fofo-pink-flowers\/#primaryimage","url":"https:\/\/uanibaby.com\/wp-content\/uploads\/2026\/03\/IMG_4431-scaled.jpg","contentUrl":"https:\/\/uanibaby.com\/wp-content\/uploads\/2026\/03\/IMG_4431-scaled.jpg","width":1920,"height":2560},{"@type":"BreadcrumbList","@id":"https:\/\/uanibaby.com\/product\/fofo-pink-flowers\/#breadcrumb","itemListElement":[{"@type":"ListItem","position":1,"name":"Home","item":"https:\/\/uanibaby.com\/"},{"@type":"ListItem","position":2,"name":"Shop","item":"https:\/\/uanibaby.com\/shop\/"},{"@type":"ListItem","position":3,"name":"Fofo Pink Flowers &#8211; Fofo de Malha para beb\u00e9"}]},{"@type":"WebSite","@id":"https:\/\/uanibaby.com\/#website","url":"https:\/\/uanibaby.com\/","name":"Uani Baby","description":"Artigos personalizados para beb\u00e9 e acess\u00f3rios de organiza\u00e7\u00e3o","publisher":{"@id":"https:\/\/uanibaby.com\/#organization"},"alternateName":"Uani","potentialAction":[{"@type":"SearchAction","target":{"@type":"EntryPoint","urlTemplate":"https:\/\/uanibaby.com\/?s={search_term_string}"},"query-input":{"@type":"PropertyValueSpecification","valueRequired":true,"valueName":"search_term_string"}}],"inLanguage":"es"},{"@type":"Organization","@id":"https:\/\/uanibaby.com\/#organization","name":"uani baby","url":"https:\/\/uanibaby.com\/","logo":{"@type":"ImageObject","inLanguage":"es","@id":"https:\/\/uanibaby.com\/#\/schema\/logo\/image\/","url":"https:\/\/uanibaby.com\/wp-content\/uploads\/2024\/07\/Logos-04-Artboard-1-Copy-3.jpg","contentUrl":"https:\/\/uanibaby.com\/wp-content\/uploads\/2024\/07\/Logos-04-Artboard-1-Copy-3.jpg","width":2363,"height":2364,"caption":"uani baby"},"image":{"@id":"https:\/\/uanibaby.com\/#\/schema\/logo\/image\/"},"sameAs":["https:\/\/www.facebook.com\/profile.php?id=100077602208908","https:\/\/www.instagram.com\/uani.baby\/"]}]}},"_links":{"self":[{"href":"https:\/\/uanibaby.com\/es\/wp-json\/wp\/v2\/product\/7741","targetHints":{"allow":["GET"]}}],"collection":[{"href":"https:\/\/uanibaby.com\/es\/wp-json\/wp\/v2\/product"}],"about":[{"href":"https:\/\/uanibaby.com\/es\/wp-json\/wp\/v2\/types\/product"}],"replies":[{"embeddable":true,"href":"https:\/\/uanibaby.com\/es\/wp-json\/wp\/v2\/comments?post=7741"}],"wp:featuredmedia":[{"embeddable":true,"href":"https:\/\/uanibaby.com\/es\/wp-json\/wp\/v2\/media\/7744"}],"wp:attachment":[{"href":"https:\/\/uanibaby.com\/es\/wp-json\/wp\/v2\/media?parent=7741"}],"wp:term":[{"taxonomy":"product_brand","embeddable":true,"href":"https:\/\/uanibaby.com\/es\/wp-json\/wp\/v2\/product_brand?post=7741"},{"taxonomy":"product_cat","embeddable":true,"href":"https:\/\/uanibaby.com\/es\/wp-json\/wp\/v2\/product_cat?post=7741"},{"taxonomy":"product_tag","embeddable":true,"href":"https:\/\/uanibaby.com\/es\/wp-json\/wp\/v2\/product_tag?post=7741"}],"curies":[{"name":"wp","href":"https:\/\/api.w.org\/{rel}","templated":true}]}}