{"id":7660,"date":"2026-02-20T22:12:06","date_gmt":"2026-02-20T22:12:06","guid":{"rendered":"https:\/\/uanibaby.com\/?post_type=product&#038;p=7660"},"modified":"2026-02-20T22:18:36","modified_gmt":"2026-02-20T22:18:36","slug":"fofo-cozy-ruffles","status":"publish","type":"product","link":"https:\/\/uanibaby.com\/es\/product\/fofo-cozy-ruffles\/","title":{"rendered":"Fofo Cozy Ruffles \u2013 Fofo de Malha para Beb\u00e9 com Folhos"},"content":{"rendered":"<h2 data-start=\"407\" data-end=\"464\">Fofo Cozy Ruffles \u2013 Fofo de Malha para Beb\u00e9 com Folhos<\/h2>\n<p data-start=\"466\" data-end=\"600\">O <strong data-start=\"468\" data-end=\"489\">Fofo Cozy Ruffles<\/strong> \u00e9 um fofo de malha suave e confort\u00e1vel, perfeito para manter o beb\u00e9 quentinho com um look delicado.<\/p>\n<p data-start=\"602\" data-end=\"835\">Com <strong data-start=\"606\" data-end=\"644\">folhos suaves nas mangas e na base<\/strong>, acrescenta um toque feminino e encantador, mantendo o conforto para o dia a dia. O fecho inferior com bot\u00f5es facilita a muda da fralda e o corte confort\u00e1vel garante liberdade de movimento.<\/p>\n<p data-start=\"837\" data-end=\"917\">Ideal para passeios, ocasi\u00f5es especiais ou para criar looks amorosos e intemporais.<\/p>\n<h3 data-start=\"919\" data-end=\"941\">\u2728 Caracter\u00edsticas:<\/h3>\n<ul data-start=\"942\" data-end=\"1129\">\n<li data-start=\"942\" data-end=\"979\">\n<p data-start=\"944\" data-end=\"979\">Fofo de malha suave e confort\u00e1vel<\/p>\n<\/li>\n<li data-start=\"980\" data-end=\"1018\">\n<p data-start=\"982\" data-end=\"1018\">Folhos delicados nas mangas e base<\/p>\n<\/li>\n<li data-start=\"1019\" data-end=\"1045\">\n<p data-start=\"1021\" data-end=\"1045\">Fecho inferior pr\u00e1tico<\/p>\n<\/li>\n<li data-start=\"1046\" data-end=\"1095\">\n<p data-start=\"1048\" data-end=\"1095\">Corte confort\u00e1vel para liberdade de movimento<\/p>\n<\/li>\n<li data-start=\"1096\" data-end=\"1129\">\n<p data-start=\"1098\" data-end=\"1129\">Estilo rom\u00e2ntico e intemporal<\/p>\n<\/li>\n<\/ul>","protected":false},"excerpt":{"rendered":"<h2 data-start=\"407\" data-end=\"464\">Fofo Cozy Ruffles \u2013 Fofo de Malha para Beb\u00e9 com Folhos<\/h2>\n<p data-start=\"466\" data-end=\"600\">O <strong data-start=\"468\" data-end=\"489\">Fofo Cozy Ruffles<\/strong> \u00e9 um fofo de malha suave e confort\u00e1vel, perfeito para manter o beb\u00e9 quentinho com um look delicado.<\/p>\n<p data-start=\"602\" data-end=\"835\">Com <strong data-start=\"606\" data-end=\"644\">folhos suaves nas mangas e na base<\/strong>, acrescenta um toque feminino e encantador, mantendo o conforto para o dia a dia. O fecho inferior com bot\u00f5es facilita a muda da fralda e o corte confort\u00e1vel garante liberdade de movimento.<\/p>\n<p data-start=\"837\" data-end=\"917\">Ideal para passeios, ocasi\u00f5es especiais ou para criar looks amorosos e intemporais.<\/p>\n<h3 data-start=\"919\" data-end=\"941\">\u2728 Caracter\u00edsticas:<\/h3>\n<ul data-start=\"942\" data-end=\"1129\">\n<li data-start=\"942\" data-end=\"979\">\n<p data-start=\"944\" data-end=\"979\">Fofo de malha suave e confort\u00e1vel<\/p>\n<\/li>\n<li data-start=\"980\" data-end=\"1018\">\n<p data-start=\"982\" data-end=\"1018\">Folhos delicados nas mangas e base<\/p>\n<\/li>\n<li data-start=\"1019\" data-end=\"1045\">\n<p data-start=\"1021\" data-end=\"1045\">Fecho inferior pr\u00e1tico<\/p>\n<\/li>\n<li data-start=\"1046\" data-end=\"1095\">\n<p data-start=\"1048\" data-end=\"1095\">Corte confort\u00e1vel para liberdade de movimento<\/p>\n<\/li>\n<li data-start=\"1096\" data-end=\"1129\">\n<p data-start=\"1098\" data-end=\"1129\">Estilo rom\u00e2ntico e intemporal<\/p>\n<\/li>\n<\/ul>","protected":false},"featured_media":7662,"comment_status":"open","ping_status":"closed","template":"","meta":[],"product_brand":[],"product_cat":[125],"product_tag":[],"class_list":{"0":"post-7660","1":"product","2":"type-product","3":"status-publish","4":"has-post-thumbnail","6":"product_cat-fofos","8":"first","9":"instock","10":"purchasable","11":"product-type-variable"},"yoast_head":"<!-- This site is optimized with the Yoast SEO plugin v26.4 - https:\/\/yoast.com\/wordpress\/plugins\/seo\/ -->\n<title>Fofo Cozy Ruffles \u2013 Fofo de Malha para Beb\u00e9 com Folhos - uani baby<\/title>\n<meta name=\"description\" content=\"Fofo Cozy Ruffles, em malha suave com folhos delicados, perfeito para looks amorosos e confort\u00e1veis do beb\u00e9 \ud83e\udd0d\" \/>\n<meta name=\"robots\" content=\"index, follow, max-snippet:-1, max-image-preview:large, max-video-preview:-1\" \/>\n<link rel=\"canonical\" href=\"https:\/\/uanibaby.com\/es\/product\/fofo-cozy-ruffles\/\" \/>\n<meta property=\"og:locale\" content=\"es_ES\" \/>\n<meta property=\"og:type\" content=\"article\" \/>\n<meta property=\"og:title\" content=\"Fofo Cozy Ruffles \u2013 Fofo de Malha para Beb\u00e9 com Folhos - uani baby\" \/>\n<meta property=\"og:description\" content=\"Fofo Cozy Ruffles, em malha suave com folhos delicados, perfeito para looks amorosos e confort\u00e1veis do beb\u00e9 \ud83e\udd0d\" \/>\n<meta property=\"og:url\" content=\"https:\/\/uanibaby.com\/es\/product\/fofo-cozy-ruffles\/\" \/>\n<meta property=\"og:site_name\" content=\"uani baby\" \/>\n<meta property=\"article:publisher\" content=\"https:\/\/www.facebook.com\/profile.php?id=100077602208908\" \/>\n<meta property=\"article:modified_time\" content=\"2026-02-20T22:18:36+00:00\" \/>\n<meta property=\"og:image\" content=\"https:\/\/uanibaby.com\/wp-content\/uploads\/2026\/02\/IMG_2508-scaled.jpg\" \/>\n\t<meta property=\"og:image:width\" content=\"1920\" \/>\n\t<meta property=\"og:image:height\" content=\"2560\" \/>\n\t<meta property=\"og:image:type\" content=\"image\/jpeg\" \/>\n<meta name=\"twitter:card\" content=\"summary_large_image\" \/>\n<meta name=\"twitter:label1\" content=\"Tiempo de lectura\" \/>\n\t<meta name=\"twitter:data1\" content=\"1 minuto\" \/>\n<script type=\"application\/ld+json\" class=\"yoast-schema-graph\">{\"@context\":\"https:\/\/schema.org\",\"@graph\":[{\"@type\":\"WebPage\",\"@id\":\"https:\/\/uanibaby.com\/product\/fofo-cozy-ruffles\/\",\"url\":\"https:\/\/uanibaby.com\/product\/fofo-cozy-ruffles\/\",\"name\":\"Fofo Cozy Ruffles \u2013 Fofo de Malha para Beb\u00e9 com Folhos - uani baby\",\"isPartOf\":{\"@id\":\"https:\/\/uanibaby.com\/#website\"},\"primaryImageOfPage\":{\"@id\":\"https:\/\/uanibaby.com\/product\/fofo-cozy-ruffles\/#primaryimage\"},\"image\":{\"@id\":\"https:\/\/uanibaby.com\/product\/fofo-cozy-ruffles\/#primaryimage\"},\"thumbnailUrl\":\"https:\/\/uanibaby.com\/wp-content\/uploads\/2026\/02\/IMG_2508-scaled.jpg\",\"datePublished\":\"2026-02-20T22:12:06+00:00\",\"dateModified\":\"2026-02-20T22:18:36+00:00\",\"description\":\"Fofo Cozy Ruffles, em malha suave com folhos delicados, perfeito para looks amorosos e confort\u00e1veis do beb\u00e9 \ud83e\udd0d\",\"breadcrumb\":{\"@id\":\"https:\/\/uanibaby.com\/product\/fofo-cozy-ruffles\/#breadcrumb\"},\"inLanguage\":\"es\",\"potentialAction\":[{\"@type\":\"ReadAction\",\"target\":[\"https:\/\/uanibaby.com\/product\/fofo-cozy-ruffles\/\"]}]},{\"@type\":\"ImageObject\",\"inLanguage\":\"es\",\"@id\":\"https:\/\/uanibaby.com\/product\/fofo-cozy-ruffles\/#primaryimage\",\"url\":\"https:\/\/uanibaby.com\/wp-content\/uploads\/2026\/02\/IMG_2508-scaled.jpg\",\"contentUrl\":\"https:\/\/uanibaby.com\/wp-content\/uploads\/2026\/02\/IMG_2508-scaled.jpg\",\"width\":1920,\"height\":2560},{\"@type\":\"BreadcrumbList\",\"@id\":\"https:\/\/uanibaby.com\/product\/fofo-cozy-ruffles\/#breadcrumb\",\"itemListElement\":[{\"@type\":\"ListItem\",\"position\":1,\"name\":\"Home\",\"item\":\"https:\/\/uanibaby.com\/\"},{\"@type\":\"ListItem\",\"position\":2,\"name\":\"Shop\",\"item\":\"https:\/\/uanibaby.com\/shop\/\"},{\"@type\":\"ListItem\",\"position\":3,\"name\":\"Fofo Cozy Ruffles \u2013 Fofo de Malha para Beb\u00e9 com Folhos\"}]},{\"@type\":\"WebSite\",\"@id\":\"https:\/\/uanibaby.com\/#website\",\"url\":\"https:\/\/uanibaby.com\/\",\"name\":\"Uani Baby\",\"description\":\"Artigos personalizados para beb\u00e9 e acess\u00f3rios de organiza\u00e7\u00e3o\",\"publisher\":{\"@id\":\"https:\/\/uanibaby.com\/#organization\"},\"alternateName\":\"Uani\",\"potentialAction\":[{\"@type\":\"SearchAction\",\"target\":{\"@type\":\"EntryPoint\",\"urlTemplate\":\"https:\/\/uanibaby.com\/?s={search_term_string}\"},\"query-input\":{\"@type\":\"PropertyValueSpecification\",\"valueRequired\":true,\"valueName\":\"search_term_string\"}}],\"inLanguage\":\"es\"},{\"@type\":\"Organization\",\"@id\":\"https:\/\/uanibaby.com\/#organization\",\"name\":\"uani baby\",\"url\":\"https:\/\/uanibaby.com\/\",\"logo\":{\"@type\":\"ImageObject\",\"inLanguage\":\"es\",\"@id\":\"https:\/\/uanibaby.com\/#\/schema\/logo\/image\/\",\"url\":\"https:\/\/uanibaby.com\/wp-content\/uploads\/2024\/07\/Logos-04-Artboard-1-Copy-3.jpg\",\"contentUrl\":\"https:\/\/uanibaby.com\/wp-content\/uploads\/2024\/07\/Logos-04-Artboard-1-Copy-3.jpg\",\"width\":2363,\"height\":2364,\"caption\":\"uani baby\"},\"image\":{\"@id\":\"https:\/\/uanibaby.com\/#\/schema\/logo\/image\/\"},\"sameAs\":[\"https:\/\/www.facebook.com\/profile.php?id=100077602208908\",\"https:\/\/www.instagram.com\/uani.baby\/\"]}]}<\/script>\n<!-- \/ Yoast SEO plugin. -->","yoast_head_json":{"title":"Fofo Cozy Ruffles \u2013 Fofo de Malha para Beb\u00e9 com Folhos - uani baby","description":"Fofo Cozy Ruffles, em malha suave com folhos delicados, perfeito para looks amorosos e confort\u00e1veis do beb\u00e9 \ud83e\udd0d","robots":{"index":"index","follow":"follow","max-snippet":"max-snippet:-1","max-image-preview":"max-image-preview:large","max-video-preview":"max-video-preview:-1"},"canonical":"https:\/\/uanibaby.com\/es\/product\/fofo-cozy-ruffles\/","og_locale":"es_ES","og_type":"article","og_title":"Fofo Cozy Ruffles \u2013 Fofo de Malha para Beb\u00e9 com Folhos - uani baby","og_description":"Fofo Cozy Ruffles, em malha suave com folhos delicados, perfeito para looks amorosos e confort\u00e1veis do beb\u00e9 \ud83e\udd0d","og_url":"https:\/\/uanibaby.com\/es\/product\/fofo-cozy-ruffles\/","og_site_name":"uani baby","article_publisher":"https:\/\/www.facebook.com\/profile.php?id=100077602208908","article_modified_time":"2026-02-20T22:18:36+00:00","og_image":[{"width":1920,"height":2560,"url":"https:\/\/uanibaby.com\/wp-content\/uploads\/2026\/02\/IMG_2508-scaled.jpg","type":"image\/jpeg"}],"twitter_card":"summary_large_image","twitter_misc":{"Tiempo de lectura":"1 minuto"},"schema":{"@context":"https:\/\/schema.org","@graph":[{"@type":"WebPage","@id":"https:\/\/uanibaby.com\/product\/fofo-cozy-ruffles\/","url":"https:\/\/uanibaby.com\/product\/fofo-cozy-ruffles\/","name":"Fofo Cozy Ruffles \u2013 Fofo de Malha para Beb\u00e9 com Folhos - uani baby","isPartOf":{"@id":"https:\/\/uanibaby.com\/#website"},"primaryImageOfPage":{"@id":"https:\/\/uanibaby.com\/product\/fofo-cozy-ruffles\/#primaryimage"},"image":{"@id":"https:\/\/uanibaby.com\/product\/fofo-cozy-ruffles\/#primaryimage"},"thumbnailUrl":"https:\/\/uanibaby.com\/wp-content\/uploads\/2026\/02\/IMG_2508-scaled.jpg","datePublished":"2026-02-20T22:12:06+00:00","dateModified":"2026-02-20T22:18:36+00:00","description":"Fofo Cozy Ruffles, em malha suave com folhos delicados, perfeito para looks amorosos e confort\u00e1veis do beb\u00e9 \ud83e\udd0d","breadcrumb":{"@id":"https:\/\/uanibaby.com\/product\/fofo-cozy-ruffles\/#breadcrumb"},"inLanguage":"es","potentialAction":[{"@type":"ReadAction","target":["https:\/\/uanibaby.com\/product\/fofo-cozy-ruffles\/"]}]},{"@type":"ImageObject","inLanguage":"es","@id":"https:\/\/uanibaby.com\/product\/fofo-cozy-ruffles\/#primaryimage","url":"https:\/\/uanibaby.com\/wp-content\/uploads\/2026\/02\/IMG_2508-scaled.jpg","contentUrl":"https:\/\/uanibaby.com\/wp-content\/uploads\/2026\/02\/IMG_2508-scaled.jpg","width":1920,"height":2560},{"@type":"BreadcrumbList","@id":"https:\/\/uanibaby.com\/product\/fofo-cozy-ruffles\/#breadcrumb","itemListElement":[{"@type":"ListItem","position":1,"name":"Home","item":"https:\/\/uanibaby.com\/"},{"@type":"ListItem","position":2,"name":"Shop","item":"https:\/\/uanibaby.com\/shop\/"},{"@type":"ListItem","position":3,"name":"Fofo Cozy Ruffles \u2013 Fofo de Malha para Beb\u00e9 com Folhos"}]},{"@type":"WebSite","@id":"https:\/\/uanibaby.com\/#website","url":"https:\/\/uanibaby.com\/","name":"Uani Baby","description":"Artigos personalizados para beb\u00e9 e acess\u00f3rios de organiza\u00e7\u00e3o","publisher":{"@id":"https:\/\/uanibaby.com\/#organization"},"alternateName":"Uani","potentialAction":[{"@type":"SearchAction","target":{"@type":"EntryPoint","urlTemplate":"https:\/\/uanibaby.com\/?s={search_term_string}"},"query-input":{"@type":"PropertyValueSpecification","valueRequired":true,"valueName":"search_term_string"}}],"inLanguage":"es"},{"@type":"Organization","@id":"https:\/\/uanibaby.com\/#organization","name":"uani baby","url":"https:\/\/uanibaby.com\/","logo":{"@type":"ImageObject","inLanguage":"es","@id":"https:\/\/uanibaby.com\/#\/schema\/logo\/image\/","url":"https:\/\/uanibaby.com\/wp-content\/uploads\/2024\/07\/Logos-04-Artboard-1-Copy-3.jpg","contentUrl":"https:\/\/uanibaby.com\/wp-content\/uploads\/2024\/07\/Logos-04-Artboard-1-Copy-3.jpg","width":2363,"height":2364,"caption":"uani baby"},"image":{"@id":"https:\/\/uanibaby.com\/#\/schema\/logo\/image\/"},"sameAs":["https:\/\/www.facebook.com\/profile.php?id=100077602208908","https:\/\/www.instagram.com\/uani.baby\/"]}]}},"_links":{"self":[{"href":"https:\/\/uanibaby.com\/es\/wp-json\/wp\/v2\/product\/7660","targetHints":{"allow":["GET"]}}],"collection":[{"href":"https:\/\/uanibaby.com\/es\/wp-json\/wp\/v2\/product"}],"about":[{"href":"https:\/\/uanibaby.com\/es\/wp-json\/wp\/v2\/types\/product"}],"replies":[{"embeddable":true,"href":"https:\/\/uanibaby.com\/es\/wp-json\/wp\/v2\/comments?post=7660"}],"wp:featuredmedia":[{"embeddable":true,"href":"https:\/\/uanibaby.com\/es\/wp-json\/wp\/v2\/media\/7662"}],"wp:attachment":[{"href":"https:\/\/uanibaby.com\/es\/wp-json\/wp\/v2\/media?parent=7660"}],"wp:term":[{"taxonomy":"product_brand","embeddable":true,"href":"https:\/\/uanibaby.com\/es\/wp-json\/wp\/v2\/product_brand?post=7660"},{"taxonomy":"product_cat","embeddable":true,"href":"https:\/\/uanibaby.com\/es\/wp-json\/wp\/v2\/product_cat?post=7660"},{"taxonomy":"product_tag","embeddable":true,"href":"https:\/\/uanibaby.com\/es\/wp-json\/wp\/v2\/product_tag?post=7660"}],"curies":[{"name":"wp","href":"https:\/\/api.w.org\/{rel}","templated":true}]}}