{"id":7636,"date":"2026-02-20T19:56:05","date_gmt":"2026-02-20T19:56:05","guid":{"rendered":"https:\/\/uanibaby.com\/?post_type=product&#038;p=7636"},"modified":"2026-03-26T09:44:40","modified_gmt":"2026-03-26T09:44:40","slug":"camisola-dreamy-flower","status":"publish","type":"product","link":"https:\/\/uanibaby.com\/es\/product\/camisola-dreamy-flower\/","title":{"rendered":"Camisola Dreamy Flower \u2013 Camisola de Malha para Beb\u00e9 com Flores"},"content":{"rendered":"<h2 data-start=\"134\" data-end=\"200\">Camisola Dreamy Flower \u2013 Camisola de Malha para Beb\u00e9 com Flores<\/h2>\n<p data-start=\"202\" data-end=\"342\">A <strong data-start=\"204\" data-end=\"230\">Camisola Dreamy Flower<\/strong> \u00e9 uma camisola de malha suave e confort\u00e1vel, perfeita para manter o beb\u00e9 quentinho com um look doce e elegante.<\/p>\n<p data-start=\"344\" data-end=\"571\">Com pequenas <strong data-start=\"357\" data-end=\"386\">flores bordadas em relevo<\/strong>, acrescenta um toque rom\u00e2ntico e delicado, mantendo o conforto para o dia a dia. O corte confort\u00e1vel permite liberdade de movimento e combina facilmente com fofos, leggings ou cal\u00e7\u00f5es.<\/p>\n<p data-start=\"573\" data-end=\"652\">Ideal para passeios, ocasi\u00f5es especiais ou para completar looks mais delicados.<\/p>\n<h3 data-start=\"654\" data-end=\"676\">\u2728 Caracter\u00edsticas:<\/h3>\n<ul data-start=\"677\" data-end=\"871\">\n<li data-start=\"677\" data-end=\"718\">\n<p data-start=\"679\" data-end=\"718\">Camisola de malha suave e confort\u00e1vel<\/p>\n<\/li>\n<li data-start=\"719\" data-end=\"748\">\n<p data-start=\"721\" data-end=\"748\">Flores bordadas delicadas<\/p>\n<\/li>\n<li data-start=\"749\" data-end=\"798\">\n<p data-start=\"751\" data-end=\"798\">Corte confort\u00e1vel para liberdade de movimento<\/p>\n<\/li>\n<li data-start=\"799\" data-end=\"837\">\n<p data-start=\"801\" data-end=\"837\">F\u00e1cil de combinar com v\u00e1rias pe\u00e7as<\/p>\n<\/li>\n<li data-start=\"838\" data-end=\"871\">\n<p data-start=\"840\" data-end=\"871\">Estilo rom\u00e2ntico e intemporal<\/p>\n<\/li>\n<\/ul>","protected":false},"excerpt":{"rendered":"<h2 data-start=\"134\" data-end=\"200\">Camisola Dreamy Flower \u2013 Camisola de Malha para Beb\u00e9 com Flores<\/h2>\n<p data-start=\"202\" data-end=\"342\">A <strong data-start=\"204\" data-end=\"230\">Camisola Dreamy Flower<\/strong> \u00e9 uma camisola de malha suave e confort\u00e1vel, perfeita para manter o beb\u00e9 quentinho com um look doce e elegante.<\/p>\n<p data-start=\"344\" data-end=\"571\">Com pequenas <strong data-start=\"357\" data-end=\"386\">flores bordadas em relevo<\/strong>, acrescenta um toque rom\u00e2ntico e delicado, mantendo o conforto para o dia a dia. O corte confort\u00e1vel permite liberdade de movimento e combina facilmente com fofos, leggings ou cal\u00e7\u00f5es.<\/p>\n<p data-start=\"573\" data-end=\"652\">Ideal para passeios, ocasi\u00f5es especiais ou para completar looks mais delicados.<\/p>\n<h3 data-start=\"654\" data-end=\"676\">\u2728 Caracter\u00edsticas:<\/h3>\n<ul data-start=\"677\" data-end=\"871\">\n<li data-start=\"677\" data-end=\"718\">\n<p data-start=\"679\" data-end=\"718\">Camisola de malha suave e confort\u00e1vel<\/p>\n<\/li>\n<li data-start=\"719\" data-end=\"748\">\n<p data-start=\"721\" data-end=\"748\">Flores bordadas delicadas<\/p>\n<\/li>\n<li data-start=\"749\" data-end=\"798\">\n<p data-start=\"751\" data-end=\"798\">Corte confort\u00e1vel para liberdade de movimento<\/p>\n<\/li>\n<li data-start=\"799\" data-end=\"837\">\n<p data-start=\"801\" data-end=\"837\">F\u00e1cil de combinar com v\u00e1rias pe\u00e7as<\/p>\n<\/li>\n<li data-start=\"838\" data-end=\"871\">\n<p data-start=\"840\" data-end=\"871\">Estilo rom\u00e2ntico e intemporal<\/p>\n<\/li>\n<\/ul>","protected":false},"featured_media":7634,"comment_status":"open","ping_status":"closed","template":"","meta":[],"product_brand":[],"product_cat":[126],"product_tag":[],"class_list":{"0":"post-7636","1":"product","2":"type-product","3":"status-publish","4":"has-post-thumbnail","6":"product_cat-camisolas","8":"first","9":"instock","10":"sale","11":"purchasable","12":"product-type-variable"},"yoast_head":"<!-- This site is optimized with the Yoast SEO plugin v26.4 - https:\/\/yoast.com\/wordpress\/plugins\/seo\/ -->\n<title>Camisola Dreamy Flower \u2013 Camisola de Malha para Beb\u00e9 com Flores - uani baby<\/title>\n<meta name=\"description\" content=\"Camisola Dreamy Flower, em malha suave com pequenas flores bordadas, perfeita para looks delicados e confort\u00e1veis do beb\u00e9 \ud83c\udf3c\ud83e\udd0d\" \/>\n<meta name=\"robots\" content=\"index, follow, max-snippet:-1, max-image-preview:large, max-video-preview:-1\" \/>\n<link rel=\"canonical\" href=\"https:\/\/uanibaby.com\/es\/product\/camisola-dreamy-flower\/\" \/>\n<meta property=\"og:locale\" content=\"es_ES\" \/>\n<meta property=\"og:type\" content=\"article\" \/>\n<meta property=\"og:title\" content=\"Camisola Dreamy Flower \u2013 Camisola de Malha para Beb\u00e9 com Flores - uani baby\" \/>\n<meta property=\"og:description\" content=\"Camisola Dreamy Flower, em malha suave com pequenas flores bordadas, perfeita para looks delicados e confort\u00e1veis do beb\u00e9 \ud83c\udf3c\ud83e\udd0d\" \/>\n<meta property=\"og:url\" content=\"https:\/\/uanibaby.com\/es\/product\/camisola-dreamy-flower\/\" \/>\n<meta property=\"og:site_name\" content=\"uani baby\" \/>\n<meta property=\"article:publisher\" content=\"https:\/\/www.facebook.com\/profile.php?id=100077602208908\" \/>\n<meta property=\"article:modified_time\" content=\"2026-03-26T09:44:40+00:00\" \/>\n<meta property=\"og:image\" content=\"https:\/\/uanibaby.com\/wp-content\/uploads\/2026\/02\/IMG_2511-scaled.jpg\" \/>\n\t<meta property=\"og:image:width\" content=\"1920\" \/>\n\t<meta property=\"og:image:height\" content=\"2560\" \/>\n\t<meta property=\"og:image:type\" content=\"image\/jpeg\" \/>\n<meta name=\"twitter:card\" content=\"summary_large_image\" \/>\n<meta name=\"twitter:label1\" content=\"Tiempo de lectura\" \/>\n\t<meta name=\"twitter:data1\" content=\"1 minuto\" \/>\n<script type=\"application\/ld+json\" class=\"yoast-schema-graph\">{\"@context\":\"https:\/\/schema.org\",\"@graph\":[{\"@type\":\"WebPage\",\"@id\":\"https:\/\/uanibaby.com\/product\/camisola-dreamy-flower\/\",\"url\":\"https:\/\/uanibaby.com\/product\/camisola-dreamy-flower\/\",\"name\":\"Camisola Dreamy Flower \u2013 Camisola de Malha para Beb\u00e9 com Flores - uani baby\",\"isPartOf\":{\"@id\":\"https:\/\/uanibaby.com\/#website\"},\"primaryImageOfPage\":{\"@id\":\"https:\/\/uanibaby.com\/product\/camisola-dreamy-flower\/#primaryimage\"},\"image\":{\"@id\":\"https:\/\/uanibaby.com\/product\/camisola-dreamy-flower\/#primaryimage\"},\"thumbnailUrl\":\"https:\/\/uanibaby.com\/wp-content\/uploads\/2026\/02\/IMG_2511-scaled.jpg\",\"datePublished\":\"2026-02-20T19:56:05+00:00\",\"dateModified\":\"2026-03-26T09:44:40+00:00\",\"description\":\"Camisola Dreamy Flower, em malha suave com pequenas flores bordadas, perfeita para looks delicados e confort\u00e1veis do beb\u00e9 \ud83c\udf3c\ud83e\udd0d\",\"breadcrumb\":{\"@id\":\"https:\/\/uanibaby.com\/product\/camisola-dreamy-flower\/#breadcrumb\"},\"inLanguage\":\"es\",\"potentialAction\":[{\"@type\":\"ReadAction\",\"target\":[\"https:\/\/uanibaby.com\/product\/camisola-dreamy-flower\/\"]}]},{\"@type\":\"ImageObject\",\"inLanguage\":\"es\",\"@id\":\"https:\/\/uanibaby.com\/product\/camisola-dreamy-flower\/#primaryimage\",\"url\":\"https:\/\/uanibaby.com\/wp-content\/uploads\/2026\/02\/IMG_2511-scaled.jpg\",\"contentUrl\":\"https:\/\/uanibaby.com\/wp-content\/uploads\/2026\/02\/IMG_2511-scaled.jpg\",\"width\":1920,\"height\":2560},{\"@type\":\"BreadcrumbList\",\"@id\":\"https:\/\/uanibaby.com\/product\/camisola-dreamy-flower\/#breadcrumb\",\"itemListElement\":[{\"@type\":\"ListItem\",\"position\":1,\"name\":\"Home\",\"item\":\"https:\/\/uanibaby.com\/\"},{\"@type\":\"ListItem\",\"position\":2,\"name\":\"Shop\",\"item\":\"https:\/\/uanibaby.com\/shop\/\"},{\"@type\":\"ListItem\",\"position\":3,\"name\":\"Camisola Dreamy Flower \u2013 Camisola de Malha para Beb\u00e9 com Flores\"}]},{\"@type\":\"WebSite\",\"@id\":\"https:\/\/uanibaby.com\/#website\",\"url\":\"https:\/\/uanibaby.com\/\",\"name\":\"Uani Baby\",\"description\":\"Artigos personalizados para beb\u00e9 e acess\u00f3rios de organiza\u00e7\u00e3o\",\"publisher\":{\"@id\":\"https:\/\/uanibaby.com\/#organization\"},\"alternateName\":\"Uani\",\"potentialAction\":[{\"@type\":\"SearchAction\",\"target\":{\"@type\":\"EntryPoint\",\"urlTemplate\":\"https:\/\/uanibaby.com\/?s={search_term_string}\"},\"query-input\":{\"@type\":\"PropertyValueSpecification\",\"valueRequired\":true,\"valueName\":\"search_term_string\"}}],\"inLanguage\":\"es\"},{\"@type\":\"Organization\",\"@id\":\"https:\/\/uanibaby.com\/#organization\",\"name\":\"uani baby\",\"url\":\"https:\/\/uanibaby.com\/\",\"logo\":{\"@type\":\"ImageObject\",\"inLanguage\":\"es\",\"@id\":\"https:\/\/uanibaby.com\/#\/schema\/logo\/image\/\",\"url\":\"https:\/\/uanibaby.com\/wp-content\/uploads\/2024\/07\/Logos-04-Artboard-1-Copy-3.jpg\",\"contentUrl\":\"https:\/\/uanibaby.com\/wp-content\/uploads\/2024\/07\/Logos-04-Artboard-1-Copy-3.jpg\",\"width\":2363,\"height\":2364,\"caption\":\"uani baby\"},\"image\":{\"@id\":\"https:\/\/uanibaby.com\/#\/schema\/logo\/image\/\"},\"sameAs\":[\"https:\/\/www.facebook.com\/profile.php?id=100077602208908\",\"https:\/\/www.instagram.com\/uani.baby\/\"]}]}<\/script>\n<!-- \/ Yoast SEO plugin. -->","yoast_head_json":{"title":"Camisola Dreamy Flower \u2013 Camisola de Malha para Beb\u00e9 com Flores - uani baby","description":"Camisola Dreamy Flower, em malha suave com pequenas flores bordadas, perfeita para looks delicados e confort\u00e1veis do beb\u00e9 \ud83c\udf3c\ud83e\udd0d","robots":{"index":"index","follow":"follow","max-snippet":"max-snippet:-1","max-image-preview":"max-image-preview:large","max-video-preview":"max-video-preview:-1"},"canonical":"https:\/\/uanibaby.com\/es\/product\/camisola-dreamy-flower\/","og_locale":"es_ES","og_type":"article","og_title":"Camisola Dreamy Flower \u2013 Camisola de Malha para Beb\u00e9 com Flores - uani baby","og_description":"Camisola Dreamy Flower, em malha suave com pequenas flores bordadas, perfeita para looks delicados e confort\u00e1veis do beb\u00e9 \ud83c\udf3c\ud83e\udd0d","og_url":"https:\/\/uanibaby.com\/es\/product\/camisola-dreamy-flower\/","og_site_name":"uani baby","article_publisher":"https:\/\/www.facebook.com\/profile.php?id=100077602208908","article_modified_time":"2026-03-26T09:44:40+00:00","og_image":[{"width":1920,"height":2560,"url":"https:\/\/uanibaby.com\/wp-content\/uploads\/2026\/02\/IMG_2511-scaled.jpg","type":"image\/jpeg"}],"twitter_card":"summary_large_image","twitter_misc":{"Tiempo de lectura":"1 minuto"},"schema":{"@context":"https:\/\/schema.org","@graph":[{"@type":"WebPage","@id":"https:\/\/uanibaby.com\/product\/camisola-dreamy-flower\/","url":"https:\/\/uanibaby.com\/product\/camisola-dreamy-flower\/","name":"Camisola Dreamy Flower \u2013 Camisola de Malha para Beb\u00e9 com Flores - uani baby","isPartOf":{"@id":"https:\/\/uanibaby.com\/#website"},"primaryImageOfPage":{"@id":"https:\/\/uanibaby.com\/product\/camisola-dreamy-flower\/#primaryimage"},"image":{"@id":"https:\/\/uanibaby.com\/product\/camisola-dreamy-flower\/#primaryimage"},"thumbnailUrl":"https:\/\/uanibaby.com\/wp-content\/uploads\/2026\/02\/IMG_2511-scaled.jpg","datePublished":"2026-02-20T19:56:05+00:00","dateModified":"2026-03-26T09:44:40+00:00","description":"Camisola Dreamy Flower, em malha suave com pequenas flores bordadas, perfeita para looks delicados e confort\u00e1veis do beb\u00e9 \ud83c\udf3c\ud83e\udd0d","breadcrumb":{"@id":"https:\/\/uanibaby.com\/product\/camisola-dreamy-flower\/#breadcrumb"},"inLanguage":"es","potentialAction":[{"@type":"ReadAction","target":["https:\/\/uanibaby.com\/product\/camisola-dreamy-flower\/"]}]},{"@type":"ImageObject","inLanguage":"es","@id":"https:\/\/uanibaby.com\/product\/camisola-dreamy-flower\/#primaryimage","url":"https:\/\/uanibaby.com\/wp-content\/uploads\/2026\/02\/IMG_2511-scaled.jpg","contentUrl":"https:\/\/uanibaby.com\/wp-content\/uploads\/2026\/02\/IMG_2511-scaled.jpg","width":1920,"height":2560},{"@type":"BreadcrumbList","@id":"https:\/\/uanibaby.com\/product\/camisola-dreamy-flower\/#breadcrumb","itemListElement":[{"@type":"ListItem","position":1,"name":"Home","item":"https:\/\/uanibaby.com\/"},{"@type":"ListItem","position":2,"name":"Shop","item":"https:\/\/uanibaby.com\/shop\/"},{"@type":"ListItem","position":3,"name":"Camisola Dreamy Flower \u2013 Camisola de Malha para Beb\u00e9 com Flores"}]},{"@type":"WebSite","@id":"https:\/\/uanibaby.com\/#website","url":"https:\/\/uanibaby.com\/","name":"Uani Baby","description":"Artigos personalizados para beb\u00e9 e acess\u00f3rios de organiza\u00e7\u00e3o","publisher":{"@id":"https:\/\/uanibaby.com\/#organization"},"alternateName":"Uani","potentialAction":[{"@type":"SearchAction","target":{"@type":"EntryPoint","urlTemplate":"https:\/\/uanibaby.com\/?s={search_term_string}"},"query-input":{"@type":"PropertyValueSpecification","valueRequired":true,"valueName":"search_term_string"}}],"inLanguage":"es"},{"@type":"Organization","@id":"https:\/\/uanibaby.com\/#organization","name":"uani baby","url":"https:\/\/uanibaby.com\/","logo":{"@type":"ImageObject","inLanguage":"es","@id":"https:\/\/uanibaby.com\/#\/schema\/logo\/image\/","url":"https:\/\/uanibaby.com\/wp-content\/uploads\/2024\/07\/Logos-04-Artboard-1-Copy-3.jpg","contentUrl":"https:\/\/uanibaby.com\/wp-content\/uploads\/2024\/07\/Logos-04-Artboard-1-Copy-3.jpg","width":2363,"height":2364,"caption":"uani baby"},"image":{"@id":"https:\/\/uanibaby.com\/#\/schema\/logo\/image\/"},"sameAs":["https:\/\/www.facebook.com\/profile.php?id=100077602208908","https:\/\/www.instagram.com\/uani.baby\/"]}]}},"_links":{"self":[{"href":"https:\/\/uanibaby.com\/es\/wp-json\/wp\/v2\/product\/7636","targetHints":{"allow":["GET"]}}],"collection":[{"href":"https:\/\/uanibaby.com\/es\/wp-json\/wp\/v2\/product"}],"about":[{"href":"https:\/\/uanibaby.com\/es\/wp-json\/wp\/v2\/types\/product"}],"replies":[{"embeddable":true,"href":"https:\/\/uanibaby.com\/es\/wp-json\/wp\/v2\/comments?post=7636"}],"wp:featuredmedia":[{"embeddable":true,"href":"https:\/\/uanibaby.com\/es\/wp-json\/wp\/v2\/media\/7634"}],"wp:attachment":[{"href":"https:\/\/uanibaby.com\/es\/wp-json\/wp\/v2\/media?parent=7636"}],"wp:term":[{"taxonomy":"product_brand","embeddable":true,"href":"https:\/\/uanibaby.com\/es\/wp-json\/wp\/v2\/product_brand?post=7636"},{"taxonomy":"product_cat","embeddable":true,"href":"https:\/\/uanibaby.com\/es\/wp-json\/wp\/v2\/product_cat?post=7636"},{"taxonomy":"product_tag","embeddable":true,"href":"https:\/\/uanibaby.com\/es\/wp-json\/wp\/v2\/product_tag?post=7636"}],"curies":[{"name":"wp","href":"https:\/\/api.w.org\/{rel}","templated":true}]}}