{"id":7628,"date":"2026-02-20T19:42:11","date_gmt":"2026-02-20T19:42:11","guid":{"rendered":"https:\/\/uanibaby.com\/?post_type=product&#038;p=7628"},"modified":"2026-03-26T09:45:36","modified_gmt":"2026-03-26T09:45:36","slug":"camisola-soft-knit","status":"publish","type":"product","link":"https:\/\/uanibaby.com\/es\/product\/camisola-soft-knit\/","title":{"rendered":"Camisola Soft Knit \u2013 Camisola de Malha para Beb\u00e9 com Folhos"},"content":{"rendered":"<h2 data-start=\"359\" data-end=\"421\">Camisola Soft Knit \u2013 Camisola de Malha para Beb\u00e9 com Folhos<\/h2>\n<p data-start=\"423\" data-end=\"565\">A <strong data-start=\"425\" data-end=\"447\">Camisola Soft Knit<\/strong> \u00e9 uma camisola de malha suave e confort\u00e1vel, perfeita para manter o beb\u00e9 quentinho com um look delicado e intemporal.<\/p>\n<p data-start=\"567\" data-end=\"790\">Com textura trabalhada e <strong data-start=\"592\" data-end=\"620\">folhos suaves nas mangas<\/strong>, acrescenta um toque feminino, mantendo o conforto para o dia a dia. Ideal para combinar com fofos, leggings ou cal\u00e7\u00f5es, criando looks simples e sofisticados.<\/p>\n<p data-start=\"792\" data-end=\"851\">Perfeita para meia-esta\u00e7\u00e3o, passeios ou ocasi\u00f5es especiais.<\/p>\n<h3 data-start=\"853\" data-end=\"875\">\u2728 Caracter\u00edsticas:<\/h3>\n<ul data-start=\"876\" data-end=\"1066\">\n<li data-start=\"876\" data-end=\"909\">\n<p data-start=\"878\" data-end=\"909\">Camisola de malha confort\u00e1vel<\/p>\n<\/li>\n<li data-start=\"910\" data-end=\"941\">\n<p data-start=\"912\" data-end=\"941\">Folhos delicados nas mangas<\/p>\n<\/li>\n<li data-start=\"942\" data-end=\"991\">\n<p data-start=\"944\" data-end=\"991\">Corte confort\u00e1vel para liberdade de movimento<\/p>\n<\/li>\n<li data-start=\"992\" data-end=\"1030\">\n<p data-start=\"994\" data-end=\"1030\">F\u00e1cil de combinar com v\u00e1rias pe\u00e7as<\/p>\n<\/li>\n<li data-start=\"1031\" data-end=\"1066\">\n<p data-start=\"1033\" data-end=\"1066\">Estilo minimalista e intemporal<\/p>\n<\/li>\n<\/ul>\n<h3 data-start=\"839\" data-end=\"871\"><\/h3>","protected":false},"excerpt":{"rendered":"<h2 data-start=\"359\" data-end=\"421\">Camisola Soft Knit \u2013 Camisola de Malha para Beb\u00e9 com Folhos<\/h2>\n<p data-start=\"423\" data-end=\"565\">A <strong data-start=\"425\" data-end=\"447\">Camisola Soft Knit<\/strong> \u00e9 uma camisola de malha suave e confort\u00e1vel, perfeita para manter o beb\u00e9 quentinho com um look delicado e intemporal.<\/p>\n<p data-start=\"567\" data-end=\"790\">Com textura trabalhada e <strong data-start=\"592\" data-end=\"620\">folhos suaves nas mangas<\/strong>, acrescenta um toque feminino, mantendo o conforto para o dia a dia. Ideal para combinar com fofos, leggings ou cal\u00e7\u00f5es, criando looks simples e sofisticados.<\/p>\n<p data-start=\"792\" data-end=\"851\">Perfeita para meia-esta\u00e7\u00e3o, passeios ou ocasi\u00f5es especiais.<\/p>\n<h3 data-start=\"853\" data-end=\"875\">\u2728 Caracter\u00edsticas:<\/h3>\n<ul data-start=\"876\" data-end=\"1066\">\n<li data-start=\"876\" data-end=\"909\">\n<p data-start=\"878\" data-end=\"909\">Camisola de malha confort\u00e1vel<\/p>\n<\/li>\n<li data-start=\"910\" data-end=\"941\">\n<p data-start=\"912\" data-end=\"941\">Folhos delicados nas mangas<\/p>\n<\/li>\n<li data-start=\"942\" data-end=\"991\">\n<p data-start=\"944\" data-end=\"991\">Corte confort\u00e1vel para liberdade de movimento<\/p>\n<\/li>\n<li data-start=\"992\" data-end=\"1030\">\n<p data-start=\"994\" data-end=\"1030\">F\u00e1cil de combinar com v\u00e1rias pe\u00e7as<\/p>\n<\/li>\n<li data-start=\"1031\" data-end=\"1066\">\n<p data-start=\"1033\" data-end=\"1066\">Estilo minimalista e intemporal<\/p>\n<\/li>\n<\/ul>","protected":false},"featured_media":7632,"comment_status":"open","ping_status":"closed","template":"","meta":[],"product_brand":[],"product_cat":[126],"product_tag":[],"class_list":{"0":"post-7628","1":"product","2":"type-product","3":"status-publish","4":"has-post-thumbnail","6":"product_cat-camisolas","8":"first","9":"instock","10":"sale","11":"purchasable","12":"product-type-variable"},"yoast_head":"<!-- This site is optimized with the Yoast SEO plugin v26.4 - https:\/\/yoast.com\/wordpress\/plugins\/seo\/ -->\n<title>Camisola Soft Knit \u2013 Camisola de Malha para Beb\u00e9 com Folhos - uani baby<\/title>\n<meta name=\"description\" content=\"Camisola Soft Knit, em malha suave com folhos nas mangas, perfeita para manter o beb\u00e9 confort\u00e1vel com um look delicado \ud83e\udd0d\" \/>\n<meta name=\"robots\" content=\"index, follow, max-snippet:-1, max-image-preview:large, max-video-preview:-1\" \/>\n<link rel=\"canonical\" href=\"https:\/\/uanibaby.com\/es\/product\/camisola-soft-knit\/\" \/>\n<meta property=\"og:locale\" content=\"es_ES\" \/>\n<meta property=\"og:type\" content=\"article\" \/>\n<meta property=\"og:title\" content=\"Camisola Soft Knit \u2013 Camisola de Malha para Beb\u00e9 com Folhos - uani baby\" \/>\n<meta property=\"og:description\" content=\"Camisola Soft Knit, em malha suave com folhos nas mangas, perfeita para manter o beb\u00e9 confort\u00e1vel com um look delicado \ud83e\udd0d\" \/>\n<meta property=\"og:url\" content=\"https:\/\/uanibaby.com\/es\/product\/camisola-soft-knit\/\" \/>\n<meta property=\"og:site_name\" content=\"uani baby\" \/>\n<meta property=\"article:publisher\" content=\"https:\/\/www.facebook.com\/profile.php?id=100077602208908\" \/>\n<meta property=\"article:modified_time\" content=\"2026-03-26T09:45:36+00:00\" \/>\n<meta property=\"og:image\" content=\"https:\/\/uanibaby.com\/wp-content\/uploads\/2026\/02\/IMG_2490-scaled.jpg\" \/>\n\t<meta property=\"og:image:width\" content=\"1920\" \/>\n\t<meta property=\"og:image:height\" content=\"2560\" \/>\n\t<meta property=\"og:image:type\" content=\"image\/jpeg\" \/>\n<meta name=\"twitter:card\" content=\"summary_large_image\" \/>\n<meta name=\"twitter:label1\" content=\"Tiempo de lectura\" \/>\n\t<meta name=\"twitter:data1\" content=\"1 minuto\" \/>\n<script type=\"application\/ld+json\" class=\"yoast-schema-graph\">{\"@context\":\"https:\/\/schema.org\",\"@graph\":[{\"@type\":\"WebPage\",\"@id\":\"https:\/\/uanibaby.com\/product\/camisola-soft-knit\/\",\"url\":\"https:\/\/uanibaby.com\/product\/camisola-soft-knit\/\",\"name\":\"Camisola Soft Knit \u2013 Camisola de Malha para Beb\u00e9 com Folhos - uani baby\",\"isPartOf\":{\"@id\":\"https:\/\/uanibaby.com\/#website\"},\"primaryImageOfPage\":{\"@id\":\"https:\/\/uanibaby.com\/product\/camisola-soft-knit\/#primaryimage\"},\"image\":{\"@id\":\"https:\/\/uanibaby.com\/product\/camisola-soft-knit\/#primaryimage\"},\"thumbnailUrl\":\"https:\/\/uanibaby.com\/wp-content\/uploads\/2026\/02\/IMG_2490-scaled.jpg\",\"datePublished\":\"2026-02-20T19:42:11+00:00\",\"dateModified\":\"2026-03-26T09:45:36+00:00\",\"description\":\"Camisola Soft Knit, em malha suave com folhos nas mangas, perfeita para manter o beb\u00e9 confort\u00e1vel com um look delicado \ud83e\udd0d\",\"breadcrumb\":{\"@id\":\"https:\/\/uanibaby.com\/product\/camisola-soft-knit\/#breadcrumb\"},\"inLanguage\":\"es\",\"potentialAction\":[{\"@type\":\"ReadAction\",\"target\":[\"https:\/\/uanibaby.com\/product\/camisola-soft-knit\/\"]}]},{\"@type\":\"ImageObject\",\"inLanguage\":\"es\",\"@id\":\"https:\/\/uanibaby.com\/product\/camisola-soft-knit\/#primaryimage\",\"url\":\"https:\/\/uanibaby.com\/wp-content\/uploads\/2026\/02\/IMG_2490-scaled.jpg\",\"contentUrl\":\"https:\/\/uanibaby.com\/wp-content\/uploads\/2026\/02\/IMG_2490-scaled.jpg\",\"width\":1920,\"height\":2560},{\"@type\":\"BreadcrumbList\",\"@id\":\"https:\/\/uanibaby.com\/product\/camisola-soft-knit\/#breadcrumb\",\"itemListElement\":[{\"@type\":\"ListItem\",\"position\":1,\"name\":\"Home\",\"item\":\"https:\/\/uanibaby.com\/\"},{\"@type\":\"ListItem\",\"position\":2,\"name\":\"Shop\",\"item\":\"https:\/\/uanibaby.com\/shop\/\"},{\"@type\":\"ListItem\",\"position\":3,\"name\":\"Camisola Soft Knit \u2013 Camisola de Malha para Beb\u00e9 com Folhos\"}]},{\"@type\":\"WebSite\",\"@id\":\"https:\/\/uanibaby.com\/#website\",\"url\":\"https:\/\/uanibaby.com\/\",\"name\":\"Uani Baby\",\"description\":\"Artigos personalizados para beb\u00e9 e acess\u00f3rios de organiza\u00e7\u00e3o\",\"publisher\":{\"@id\":\"https:\/\/uanibaby.com\/#organization\"},\"alternateName\":\"Uani\",\"potentialAction\":[{\"@type\":\"SearchAction\",\"target\":{\"@type\":\"EntryPoint\",\"urlTemplate\":\"https:\/\/uanibaby.com\/?s={search_term_string}\"},\"query-input\":{\"@type\":\"PropertyValueSpecification\",\"valueRequired\":true,\"valueName\":\"search_term_string\"}}],\"inLanguage\":\"es\"},{\"@type\":\"Organization\",\"@id\":\"https:\/\/uanibaby.com\/#organization\",\"name\":\"uani baby\",\"url\":\"https:\/\/uanibaby.com\/\",\"logo\":{\"@type\":\"ImageObject\",\"inLanguage\":\"es\",\"@id\":\"https:\/\/uanibaby.com\/#\/schema\/logo\/image\/\",\"url\":\"https:\/\/uanibaby.com\/wp-content\/uploads\/2024\/07\/Logos-04-Artboard-1-Copy-3.jpg\",\"contentUrl\":\"https:\/\/uanibaby.com\/wp-content\/uploads\/2024\/07\/Logos-04-Artboard-1-Copy-3.jpg\",\"width\":2363,\"height\":2364,\"caption\":\"uani baby\"},\"image\":{\"@id\":\"https:\/\/uanibaby.com\/#\/schema\/logo\/image\/\"},\"sameAs\":[\"https:\/\/www.facebook.com\/profile.php?id=100077602208908\",\"https:\/\/www.instagram.com\/uani.baby\/\"]}]}<\/script>\n<!-- \/ Yoast SEO plugin. -->","yoast_head_json":{"title":"Camisola Soft Knit \u2013 Camisola de Malha para Beb\u00e9 com Folhos - uani baby","description":"Camisola Soft Knit, em malha suave com folhos nas mangas, perfeita para manter o beb\u00e9 confort\u00e1vel com um look delicado \ud83e\udd0d","robots":{"index":"index","follow":"follow","max-snippet":"max-snippet:-1","max-image-preview":"max-image-preview:large","max-video-preview":"max-video-preview:-1"},"canonical":"https:\/\/uanibaby.com\/es\/product\/camisola-soft-knit\/","og_locale":"es_ES","og_type":"article","og_title":"Camisola Soft Knit \u2013 Camisola de Malha para Beb\u00e9 com Folhos - uani baby","og_description":"Camisola Soft Knit, em malha suave com folhos nas mangas, perfeita para manter o beb\u00e9 confort\u00e1vel com um look delicado \ud83e\udd0d","og_url":"https:\/\/uanibaby.com\/es\/product\/camisola-soft-knit\/","og_site_name":"uani baby","article_publisher":"https:\/\/www.facebook.com\/profile.php?id=100077602208908","article_modified_time":"2026-03-26T09:45:36+00:00","og_image":[{"width":1920,"height":2560,"url":"https:\/\/uanibaby.com\/wp-content\/uploads\/2026\/02\/IMG_2490-scaled.jpg","type":"image\/jpeg"}],"twitter_card":"summary_large_image","twitter_misc":{"Tiempo de lectura":"1 minuto"},"schema":{"@context":"https:\/\/schema.org","@graph":[{"@type":"WebPage","@id":"https:\/\/uanibaby.com\/product\/camisola-soft-knit\/","url":"https:\/\/uanibaby.com\/product\/camisola-soft-knit\/","name":"Camisola Soft Knit \u2013 Camisola de Malha para Beb\u00e9 com Folhos - uani baby","isPartOf":{"@id":"https:\/\/uanibaby.com\/#website"},"primaryImageOfPage":{"@id":"https:\/\/uanibaby.com\/product\/camisola-soft-knit\/#primaryimage"},"image":{"@id":"https:\/\/uanibaby.com\/product\/camisola-soft-knit\/#primaryimage"},"thumbnailUrl":"https:\/\/uanibaby.com\/wp-content\/uploads\/2026\/02\/IMG_2490-scaled.jpg","datePublished":"2026-02-20T19:42:11+00:00","dateModified":"2026-03-26T09:45:36+00:00","description":"Camisola Soft Knit, em malha suave com folhos nas mangas, perfeita para manter o beb\u00e9 confort\u00e1vel com um look delicado \ud83e\udd0d","breadcrumb":{"@id":"https:\/\/uanibaby.com\/product\/camisola-soft-knit\/#breadcrumb"},"inLanguage":"es","potentialAction":[{"@type":"ReadAction","target":["https:\/\/uanibaby.com\/product\/camisola-soft-knit\/"]}]},{"@type":"ImageObject","inLanguage":"es","@id":"https:\/\/uanibaby.com\/product\/camisola-soft-knit\/#primaryimage","url":"https:\/\/uanibaby.com\/wp-content\/uploads\/2026\/02\/IMG_2490-scaled.jpg","contentUrl":"https:\/\/uanibaby.com\/wp-content\/uploads\/2026\/02\/IMG_2490-scaled.jpg","width":1920,"height":2560},{"@type":"BreadcrumbList","@id":"https:\/\/uanibaby.com\/product\/camisola-soft-knit\/#breadcrumb","itemListElement":[{"@type":"ListItem","position":1,"name":"Home","item":"https:\/\/uanibaby.com\/"},{"@type":"ListItem","position":2,"name":"Shop","item":"https:\/\/uanibaby.com\/shop\/"},{"@type":"ListItem","position":3,"name":"Camisola Soft Knit \u2013 Camisola de Malha para Beb\u00e9 com Folhos"}]},{"@type":"WebSite","@id":"https:\/\/uanibaby.com\/#website","url":"https:\/\/uanibaby.com\/","name":"Uani Baby","description":"Artigos personalizados para beb\u00e9 e acess\u00f3rios de organiza\u00e7\u00e3o","publisher":{"@id":"https:\/\/uanibaby.com\/#organization"},"alternateName":"Uani","potentialAction":[{"@type":"SearchAction","target":{"@type":"EntryPoint","urlTemplate":"https:\/\/uanibaby.com\/?s={search_term_string}"},"query-input":{"@type":"PropertyValueSpecification","valueRequired":true,"valueName":"search_term_string"}}],"inLanguage":"es"},{"@type":"Organization","@id":"https:\/\/uanibaby.com\/#organization","name":"uani baby","url":"https:\/\/uanibaby.com\/","logo":{"@type":"ImageObject","inLanguage":"es","@id":"https:\/\/uanibaby.com\/#\/schema\/logo\/image\/","url":"https:\/\/uanibaby.com\/wp-content\/uploads\/2024\/07\/Logos-04-Artboard-1-Copy-3.jpg","contentUrl":"https:\/\/uanibaby.com\/wp-content\/uploads\/2024\/07\/Logos-04-Artboard-1-Copy-3.jpg","width":2363,"height":2364,"caption":"uani baby"},"image":{"@id":"https:\/\/uanibaby.com\/#\/schema\/logo\/image\/"},"sameAs":["https:\/\/www.facebook.com\/profile.php?id=100077602208908","https:\/\/www.instagram.com\/uani.baby\/"]}]}},"_links":{"self":[{"href":"https:\/\/uanibaby.com\/es\/wp-json\/wp\/v2\/product\/7628","targetHints":{"allow":["GET"]}}],"collection":[{"href":"https:\/\/uanibaby.com\/es\/wp-json\/wp\/v2\/product"}],"about":[{"href":"https:\/\/uanibaby.com\/es\/wp-json\/wp\/v2\/types\/product"}],"replies":[{"embeddable":true,"href":"https:\/\/uanibaby.com\/es\/wp-json\/wp\/v2\/comments?post=7628"}],"wp:featuredmedia":[{"embeddable":true,"href":"https:\/\/uanibaby.com\/es\/wp-json\/wp\/v2\/media\/7632"}],"wp:attachment":[{"href":"https:\/\/uanibaby.com\/es\/wp-json\/wp\/v2\/media?parent=7628"}],"wp:term":[{"taxonomy":"product_brand","embeddable":true,"href":"https:\/\/uanibaby.com\/es\/wp-json\/wp\/v2\/product_brand?post=7628"},{"taxonomy":"product_cat","embeddable":true,"href":"https:\/\/uanibaby.com\/es\/wp-json\/wp\/v2\/product_cat?post=7628"},{"taxonomy":"product_tag","embeddable":true,"href":"https:\/\/uanibaby.com\/es\/wp-json\/wp\/v2\/product_tag?post=7628"}],"curies":[{"name":"wp","href":"https:\/\/api.w.org\/{rel}","templated":true}]}}