{"id":7623,"date":"2026-02-20T19:16:51","date_gmt":"2026-02-20T19:16:51","guid":{"rendered":"https:\/\/uanibaby.com\/?post_type=product&#038;p=7623"},"modified":"2026-02-20T19:22:32","modified_gmt":"2026-02-20T19:22:32","slug":"fofo-soft-button","status":"publish","type":"product","link":"https:\/\/uanibaby.com\/es\/product\/fofo-soft-button\/","title":{"rendered":"Fofo Soft Button \u2013 Fofo de Malha para Beb\u00e9 com Bot\u00f5es"},"content":{"rendered":"<h2 data-start=\"127\" data-end=\"183\">Fofo Soft Button \u2013 Fofo de Malha para Beb\u00e9 com Bot\u00f5es<\/h2>\n<p data-start=\"185\" data-end=\"315\">O <strong data-start=\"187\" data-end=\"207\">Fofo Soft Button<\/strong> \u00e9 um fofo de malha leve e confort\u00e1vel, ideal para criar looks simples e intemporais para o beb\u00e9.<\/p>\n<p data-start=\"317\" data-end=\"557\">Com al\u00e7as largas e <strong data-start=\"336\" data-end=\"365\">bot\u00f5es em madeira natural<\/strong>, facilita o vestir e acrescenta um toque cl\u00e1ssico e delicado. O corte soltinho garante liberdade de movimento e conforto, tornando-o perfeito para o dia a dia, passeios ou ocasi\u00f5es especiais.<\/p>\n<p data-start=\"559\" data-end=\"636\">Uma pe\u00e7a vers\u00e1til que combina facilmente com bodies, camisolas ou acess\u00f3rios.<\/p>\n<h3 data-start=\"638\" data-end=\"660\">\u2728 Caracter\u00edsticas:<\/h3>\n<ul data-start=\"661\" data-end=\"832\">\n<li data-start=\"661\" data-end=\"697\">\n<p data-start=\"663\" data-end=\"697\">Fofo de malha leve e confort\u00e1vel<\/p>\n<\/li>\n<li data-start=\"698\" data-end=\"737\">\n<p data-start=\"700\" data-end=\"737\">Al\u00e7as com bot\u00f5es em madeira natural<\/p>\n<\/li>\n<li data-start=\"738\" data-end=\"776\">\n<p data-start=\"740\" data-end=\"776\">Corte soltinho para maior conforto<\/p>\n<\/li>\n<li data-start=\"777\" data-end=\"796\">\n<p data-start=\"779\" data-end=\"796\">F\u00e1cil de vestir<\/p>\n<\/li>\n<li data-start=\"797\" data-end=\"832\">\n<p data-start=\"799\" data-end=\"832\">Estilo minimalista e intemporal<\/p>\n<\/li>\n<\/ul>\n<h3 data-start=\"839\" data-end=\"871\"><\/h3>","protected":false},"excerpt":{"rendered":"<h2 data-start=\"127\" data-end=\"183\">Fofo Soft Button \u2013 Fofo de Malha para Beb\u00e9 com Bot\u00f5es<\/h2>\n<p data-start=\"185\" data-end=\"315\">O <strong data-start=\"187\" data-end=\"207\">Fofo Soft Button<\/strong> \u00e9 um fofo de malha leve e confort\u00e1vel, ideal para criar looks simples e intemporais para o beb\u00e9.<\/p>\n<p data-start=\"317\" data-end=\"557\">Com al\u00e7as largas e <strong data-start=\"336\" data-end=\"365\">bot\u00f5es em madeira natural<\/strong>, facilita o vestir e acrescenta um toque cl\u00e1ssico e delicado. O corte soltinho garante liberdade de movimento e conforto, tornando-o perfeito para o dia a dia, passeios ou ocasi\u00f5es especiais.<\/p>\n<p data-start=\"559\" data-end=\"636\">Uma pe\u00e7a vers\u00e1til que combina facilmente com bodies, camisolas ou acess\u00f3rios.<\/p>\n<h3 data-start=\"638\" data-end=\"660\">\u2728 Caracter\u00edsticas:<\/h3>\n<ul data-start=\"661\" data-end=\"832\">\n<li data-start=\"661\" data-end=\"697\">\n<p data-start=\"663\" data-end=\"697\">Fofo de malha leve e confort\u00e1vel<\/p>\n<\/li>\n<li data-start=\"698\" data-end=\"737\">\n<p data-start=\"700\" data-end=\"737\">Al\u00e7as com bot\u00f5es em madeira natural<\/p>\n<\/li>\n<li data-start=\"738\" data-end=\"776\">\n<p data-start=\"740\" data-end=\"776\">Corte soltinho para maior conforto<\/p>\n<\/li>\n<li data-start=\"777\" data-end=\"796\">\n<p data-start=\"779\" data-end=\"796\">F\u00e1cil de vestir<\/p>\n<\/li>\n<li data-start=\"797\" data-end=\"832\">\n<p data-start=\"799\" data-end=\"832\">Estilo minimalista e intemporal<\/p>\n<\/li>\n<\/ul>","protected":false},"featured_media":7625,"comment_status":"open","ping_status":"closed","template":"","meta":[],"product_brand":[],"product_cat":[125],"product_tag":[],"class_list":{"0":"post-7623","1":"product","2":"type-product","3":"status-publish","4":"has-post-thumbnail","6":"product_cat-fofos","8":"first","9":"instock","10":"purchasable","11":"product-type-variable"},"yoast_head":"<!-- This site is optimized with the Yoast SEO plugin v26.4 - https:\/\/yoast.com\/wordpress\/plugins\/seo\/ -->\n<title>Fofo Soft Button \u2013 Fofo de Malha para Beb\u00e9 com Bot\u00f5es - uani baby<\/title>\n<meta name=\"description\" content=\"Fofo Soft Button, simples e elegante, com al\u00e7as e bot\u00f5es em madeira natural \u2014 perfeito para looks confort\u00e1veis e intemporais do beb\u00e9 \ud83e\udd0d\" \/>\n<meta name=\"robots\" content=\"index, follow, max-snippet:-1, max-image-preview:large, max-video-preview:-1\" \/>\n<link rel=\"canonical\" href=\"https:\/\/uanibaby.com\/es\/product\/fofo-soft-button\/\" \/>\n<meta property=\"og:locale\" content=\"es_ES\" \/>\n<meta property=\"og:type\" content=\"article\" \/>\n<meta property=\"og:title\" content=\"Fofo Soft Button \u2013 Fofo de Malha para Beb\u00e9 com Bot\u00f5es - uani baby\" \/>\n<meta property=\"og:description\" content=\"Fofo Soft Button, simples e elegante, com al\u00e7as e bot\u00f5es em madeira natural \u2014 perfeito para looks confort\u00e1veis e intemporais do beb\u00e9 \ud83e\udd0d\" \/>\n<meta property=\"og:url\" content=\"https:\/\/uanibaby.com\/es\/product\/fofo-soft-button\/\" \/>\n<meta property=\"og:site_name\" content=\"uani baby\" \/>\n<meta property=\"article:publisher\" content=\"https:\/\/www.facebook.com\/profile.php?id=100077602208908\" \/>\n<meta property=\"article:modified_time\" content=\"2026-02-20T19:22:32+00:00\" \/>\n<meta property=\"og:image\" content=\"https:\/\/uanibaby.com\/wp-content\/uploads\/2026\/02\/IMG_2482-scaled.jpg\" \/>\n\t<meta property=\"og:image:width\" content=\"1920\" \/>\n\t<meta property=\"og:image:height\" content=\"2560\" \/>\n\t<meta property=\"og:image:type\" content=\"image\/jpeg\" \/>\n<meta name=\"twitter:card\" content=\"summary_large_image\" \/>\n<meta name=\"twitter:label1\" content=\"Tiempo de lectura\" \/>\n\t<meta name=\"twitter:data1\" content=\"1 minuto\" \/>\n<script type=\"application\/ld+json\" class=\"yoast-schema-graph\">{\"@context\":\"https:\/\/schema.org\",\"@graph\":[{\"@type\":\"WebPage\",\"@id\":\"https:\/\/uanibaby.com\/product\/fofo-soft-button\/\",\"url\":\"https:\/\/uanibaby.com\/product\/fofo-soft-button\/\",\"name\":\"Fofo Soft Button \u2013 Fofo de Malha para Beb\u00e9 com Bot\u00f5es - uani baby\",\"isPartOf\":{\"@id\":\"https:\/\/uanibaby.com\/#website\"},\"primaryImageOfPage\":{\"@id\":\"https:\/\/uanibaby.com\/product\/fofo-soft-button\/#primaryimage\"},\"image\":{\"@id\":\"https:\/\/uanibaby.com\/product\/fofo-soft-button\/#primaryimage\"},\"thumbnailUrl\":\"https:\/\/uanibaby.com\/wp-content\/uploads\/2026\/02\/IMG_2482-scaled.jpg\",\"datePublished\":\"2026-02-20T19:16:51+00:00\",\"dateModified\":\"2026-02-20T19:22:32+00:00\",\"description\":\"Fofo Soft Button, simples e elegante, com al\u00e7as e bot\u00f5es em madeira natural \u2014 perfeito para looks confort\u00e1veis e intemporais do beb\u00e9 \ud83e\udd0d\",\"breadcrumb\":{\"@id\":\"https:\/\/uanibaby.com\/product\/fofo-soft-button\/#breadcrumb\"},\"inLanguage\":\"es\",\"potentialAction\":[{\"@type\":\"ReadAction\",\"target\":[\"https:\/\/uanibaby.com\/product\/fofo-soft-button\/\"]}]},{\"@type\":\"ImageObject\",\"inLanguage\":\"es\",\"@id\":\"https:\/\/uanibaby.com\/product\/fofo-soft-button\/#primaryimage\",\"url\":\"https:\/\/uanibaby.com\/wp-content\/uploads\/2026\/02\/IMG_2482-scaled.jpg\",\"contentUrl\":\"https:\/\/uanibaby.com\/wp-content\/uploads\/2026\/02\/IMG_2482-scaled.jpg\",\"width\":1920,\"height\":2560},{\"@type\":\"BreadcrumbList\",\"@id\":\"https:\/\/uanibaby.com\/product\/fofo-soft-button\/#breadcrumb\",\"itemListElement\":[{\"@type\":\"ListItem\",\"position\":1,\"name\":\"Home\",\"item\":\"https:\/\/uanibaby.com\/\"},{\"@type\":\"ListItem\",\"position\":2,\"name\":\"Shop\",\"item\":\"https:\/\/uanibaby.com\/shop\/\"},{\"@type\":\"ListItem\",\"position\":3,\"name\":\"Fofo Soft Button \u2013 Fofo de Malha para Beb\u00e9 com Bot\u00f5es\"}]},{\"@type\":\"WebSite\",\"@id\":\"https:\/\/uanibaby.com\/#website\",\"url\":\"https:\/\/uanibaby.com\/\",\"name\":\"Uani Baby\",\"description\":\"Artigos personalizados para beb\u00e9 e acess\u00f3rios de organiza\u00e7\u00e3o\",\"publisher\":{\"@id\":\"https:\/\/uanibaby.com\/#organization\"},\"alternateName\":\"Uani\",\"potentialAction\":[{\"@type\":\"SearchAction\",\"target\":{\"@type\":\"EntryPoint\",\"urlTemplate\":\"https:\/\/uanibaby.com\/?s={search_term_string}\"},\"query-input\":{\"@type\":\"PropertyValueSpecification\",\"valueRequired\":true,\"valueName\":\"search_term_string\"}}],\"inLanguage\":\"es\"},{\"@type\":\"Organization\",\"@id\":\"https:\/\/uanibaby.com\/#organization\",\"name\":\"uani baby\",\"url\":\"https:\/\/uanibaby.com\/\",\"logo\":{\"@type\":\"ImageObject\",\"inLanguage\":\"es\",\"@id\":\"https:\/\/uanibaby.com\/#\/schema\/logo\/image\/\",\"url\":\"https:\/\/uanibaby.com\/wp-content\/uploads\/2024\/07\/Logos-04-Artboard-1-Copy-3.jpg\",\"contentUrl\":\"https:\/\/uanibaby.com\/wp-content\/uploads\/2024\/07\/Logos-04-Artboard-1-Copy-3.jpg\",\"width\":2363,\"height\":2364,\"caption\":\"uani baby\"},\"image\":{\"@id\":\"https:\/\/uanibaby.com\/#\/schema\/logo\/image\/\"},\"sameAs\":[\"https:\/\/www.facebook.com\/profile.php?id=100077602208908\",\"https:\/\/www.instagram.com\/uani.baby\/\"]}]}<\/script>\n<!-- \/ Yoast SEO plugin. -->","yoast_head_json":{"title":"Fofo Soft Button \u2013 Fofo de Malha para Beb\u00e9 com Bot\u00f5es - uani baby","description":"Fofo Soft Button, simples e elegante, com al\u00e7as e bot\u00f5es em madeira natural \u2014 perfeito para looks confort\u00e1veis e intemporais do beb\u00e9 \ud83e\udd0d","robots":{"index":"index","follow":"follow","max-snippet":"max-snippet:-1","max-image-preview":"max-image-preview:large","max-video-preview":"max-video-preview:-1"},"canonical":"https:\/\/uanibaby.com\/es\/product\/fofo-soft-button\/","og_locale":"es_ES","og_type":"article","og_title":"Fofo Soft Button \u2013 Fofo de Malha para Beb\u00e9 com Bot\u00f5es - uani baby","og_description":"Fofo Soft Button, simples e elegante, com al\u00e7as e bot\u00f5es em madeira natural \u2014 perfeito para looks confort\u00e1veis e intemporais do beb\u00e9 \ud83e\udd0d","og_url":"https:\/\/uanibaby.com\/es\/product\/fofo-soft-button\/","og_site_name":"uani baby","article_publisher":"https:\/\/www.facebook.com\/profile.php?id=100077602208908","article_modified_time":"2026-02-20T19:22:32+00:00","og_image":[{"width":1920,"height":2560,"url":"https:\/\/uanibaby.com\/wp-content\/uploads\/2026\/02\/IMG_2482-scaled.jpg","type":"image\/jpeg"}],"twitter_card":"summary_large_image","twitter_misc":{"Tiempo de lectura":"1 minuto"},"schema":{"@context":"https:\/\/schema.org","@graph":[{"@type":"WebPage","@id":"https:\/\/uanibaby.com\/product\/fofo-soft-button\/","url":"https:\/\/uanibaby.com\/product\/fofo-soft-button\/","name":"Fofo Soft Button \u2013 Fofo de Malha para Beb\u00e9 com Bot\u00f5es - uani baby","isPartOf":{"@id":"https:\/\/uanibaby.com\/#website"},"primaryImageOfPage":{"@id":"https:\/\/uanibaby.com\/product\/fofo-soft-button\/#primaryimage"},"image":{"@id":"https:\/\/uanibaby.com\/product\/fofo-soft-button\/#primaryimage"},"thumbnailUrl":"https:\/\/uanibaby.com\/wp-content\/uploads\/2026\/02\/IMG_2482-scaled.jpg","datePublished":"2026-02-20T19:16:51+00:00","dateModified":"2026-02-20T19:22:32+00:00","description":"Fofo Soft Button, simples e elegante, com al\u00e7as e bot\u00f5es em madeira natural \u2014 perfeito para looks confort\u00e1veis e intemporais do beb\u00e9 \ud83e\udd0d","breadcrumb":{"@id":"https:\/\/uanibaby.com\/product\/fofo-soft-button\/#breadcrumb"},"inLanguage":"es","potentialAction":[{"@type":"ReadAction","target":["https:\/\/uanibaby.com\/product\/fofo-soft-button\/"]}]},{"@type":"ImageObject","inLanguage":"es","@id":"https:\/\/uanibaby.com\/product\/fofo-soft-button\/#primaryimage","url":"https:\/\/uanibaby.com\/wp-content\/uploads\/2026\/02\/IMG_2482-scaled.jpg","contentUrl":"https:\/\/uanibaby.com\/wp-content\/uploads\/2026\/02\/IMG_2482-scaled.jpg","width":1920,"height":2560},{"@type":"BreadcrumbList","@id":"https:\/\/uanibaby.com\/product\/fofo-soft-button\/#breadcrumb","itemListElement":[{"@type":"ListItem","position":1,"name":"Home","item":"https:\/\/uanibaby.com\/"},{"@type":"ListItem","position":2,"name":"Shop","item":"https:\/\/uanibaby.com\/shop\/"},{"@type":"ListItem","position":3,"name":"Fofo Soft Button \u2013 Fofo de Malha para Beb\u00e9 com Bot\u00f5es"}]},{"@type":"WebSite","@id":"https:\/\/uanibaby.com\/#website","url":"https:\/\/uanibaby.com\/","name":"Uani Baby","description":"Artigos personalizados para beb\u00e9 e acess\u00f3rios de organiza\u00e7\u00e3o","publisher":{"@id":"https:\/\/uanibaby.com\/#organization"},"alternateName":"Uani","potentialAction":[{"@type":"SearchAction","target":{"@type":"EntryPoint","urlTemplate":"https:\/\/uanibaby.com\/?s={search_term_string}"},"query-input":{"@type":"PropertyValueSpecification","valueRequired":true,"valueName":"search_term_string"}}],"inLanguage":"es"},{"@type":"Organization","@id":"https:\/\/uanibaby.com\/#organization","name":"uani baby","url":"https:\/\/uanibaby.com\/","logo":{"@type":"ImageObject","inLanguage":"es","@id":"https:\/\/uanibaby.com\/#\/schema\/logo\/image\/","url":"https:\/\/uanibaby.com\/wp-content\/uploads\/2024\/07\/Logos-04-Artboard-1-Copy-3.jpg","contentUrl":"https:\/\/uanibaby.com\/wp-content\/uploads\/2024\/07\/Logos-04-Artboard-1-Copy-3.jpg","width":2363,"height":2364,"caption":"uani baby"},"image":{"@id":"https:\/\/uanibaby.com\/#\/schema\/logo\/image\/"},"sameAs":["https:\/\/www.facebook.com\/profile.php?id=100077602208908","https:\/\/www.instagram.com\/uani.baby\/"]}]}},"_links":{"self":[{"href":"https:\/\/uanibaby.com\/es\/wp-json\/wp\/v2\/product\/7623","targetHints":{"allow":["GET"]}}],"collection":[{"href":"https:\/\/uanibaby.com\/es\/wp-json\/wp\/v2\/product"}],"about":[{"href":"https:\/\/uanibaby.com\/es\/wp-json\/wp\/v2\/types\/product"}],"replies":[{"embeddable":true,"href":"https:\/\/uanibaby.com\/es\/wp-json\/wp\/v2\/comments?post=7623"}],"wp:featuredmedia":[{"embeddable":true,"href":"https:\/\/uanibaby.com\/es\/wp-json\/wp\/v2\/media\/7625"}],"wp:attachment":[{"href":"https:\/\/uanibaby.com\/es\/wp-json\/wp\/v2\/media?parent=7623"}],"wp:term":[{"taxonomy":"product_brand","embeddable":true,"href":"https:\/\/uanibaby.com\/es\/wp-json\/wp\/v2\/product_brand?post=7623"},{"taxonomy":"product_cat","embeddable":true,"href":"https:\/\/uanibaby.com\/es\/wp-json\/wp\/v2\/product_cat?post=7623"},{"taxonomy":"product_tag","embeddable":true,"href":"https:\/\/uanibaby.com\/es\/wp-json\/wp\/v2\/product_tag?post=7623"}],"curies":[{"name":"wp","href":"https:\/\/api.w.org\/{rel}","templated":true}]}}