{"id":7589,"date":"2026-02-20T12:24:55","date_gmt":"2026-02-20T12:24:55","guid":{"rendered":"https:\/\/uanibaby.com\/?post_type=product&#038;p=7589"},"modified":"2026-04-03T11:07:40","modified_gmt":"2026-04-03T11:07:40","slug":"porta-chuchas-personalizado","status":"publish","type":"product","link":"https:\/\/uanibaby.com\/es\/product\/porta-chuchas-personalizado\/","title":{"rendered":"Porta-chuchas Personalizado"},"content":{"rendered":"<h2 data-start=\"50\" data-end=\"108\">Porta-Chuchas Personalizado para Beb\u00e9 \u2013 Clip em Madeira<\/h2>\n<p data-start=\"110\" data-end=\"299\">Mant\u00e9m a chucha do teu beb\u00e9 sempre segura e por perto com o nosso <strong data-start=\"176\" data-end=\"207\">porta-chuchas personalizado<\/strong>, com <strong data-start=\"213\" data-end=\"251\">clip resistente em madeira natural<\/strong> e fita macia, pensado para o dia a dia do beb\u00e9.<\/p>\n<p data-start=\"301\" data-end=\"513\">Com um design delicado em tons neutros, combina funcionalidade com um estilo minimalista e amoroso. Ideal para prender \u00e0 roupa do beb\u00e9, evitando quedas, perdas ou sujidade da chucha.<\/p>\n<p data-start=\"515\" data-end=\"589\">Perfeito para uso di\u00e1rio ou como <strong data-start=\"548\" data-end=\"588\">presente de nascimento personalizado<\/strong>.<\/p>\n<h3 data-start=\"591\" data-end=\"624\">\u2728 Caracter\u00edsticas principais:<\/h3>\n<ul data-start=\"625\" data-end=\"839\">\n<li data-start=\"625\" data-end=\"670\">\n<p data-start=\"627\" data-end=\"670\">Porta-chuchas com fita macia e resistente<\/p>\n<\/li>\n<li data-start=\"671\" data-end=\"705\">\n<p data-start=\"673\" data-end=\"705\">Clip seguro em madeira natural<\/p>\n<\/li>\n<li data-start=\"706\" data-end=\"740\">\n<p data-start=\"708\" data-end=\"740\">Leve e confort\u00e1vel para o beb\u00e9<\/p>\n<\/li>\n<li data-start=\"741\" data-end=\"778\">\n<p data-start=\"743\" data-end=\"778\">Mant\u00e9m a chucha limpa e acess\u00edvel<\/p>\n<\/li>\n<li data-start=\"779\" data-end=\"807\">\n<p data-start=\"781\" data-end=\"807\">Design neutro e delicado<\/p>\n<\/li>\n<li data-start=\"808\" data-end=\"839\">\n<p data-start=\"810\" data-end=\"839\">Ideal para presente de beb\u00e9<\/p>\n<\/li>\n<\/ul>","protected":false},"excerpt":{"rendered":"<h2 data-start=\"50\" data-end=\"108\">Porta-Chuchas Personalizado para Beb\u00e9 \u2013 Clip em Madeira<\/h2>\n<p data-start=\"110\" data-end=\"299\">Mant\u00e9m a chucha do teu beb\u00e9 sempre segura e por perto com o nosso <strong data-start=\"176\" data-end=\"207\">porta-chuchas personalizado<\/strong>, com <strong data-start=\"213\" data-end=\"251\">clip resistente em madeira natural<\/strong> e fita macia, pensado para o dia a dia do beb\u00e9.<\/p>\n<p data-start=\"301\" data-end=\"513\">Com um design delicado em tons neutros, combina funcionalidade com um estilo minimalista e amoroso. Ideal para prender \u00e0 roupa do beb\u00e9, evitando quedas, perdas ou sujidade da chucha.<\/p>\n<p data-start=\"515\" data-end=\"589\">Perfeito para uso di\u00e1rio ou como <strong data-start=\"548\" data-end=\"588\">presente de nascimento personalizado<\/strong>.<\/p>\n<h3 data-start=\"591\" data-end=\"624\">\u2728 Caracter\u00edsticas principais:<\/h3>\n<ul data-start=\"625\" data-end=\"839\">\n<li data-start=\"625\" data-end=\"670\">\n<p data-start=\"627\" data-end=\"670\">Porta-chuchas com fita macia e resistente<\/p>\n<\/li>\n<li data-start=\"671\" data-end=\"705\">\n<p data-start=\"673\" data-end=\"705\">Clip seguro em madeira natural<\/p>\n<\/li>\n<li data-start=\"706\" data-end=\"740\">\n<p data-start=\"708\" data-end=\"740\">Leve e confort\u00e1vel para o beb\u00e9<\/p>\n<\/li>\n<li data-start=\"741\" data-end=\"778\">\n<p data-start=\"743\" data-end=\"778\">Mant\u00e9m a chucha limpa e acess\u00edvel<\/p>\n<\/li>\n<li data-start=\"779\" data-end=\"807\">\n<p data-start=\"781\" data-end=\"807\">Design neutro e delicado<\/p>\n<\/li>\n<li data-start=\"808\" data-end=\"839\">\n<p data-start=\"810\" data-end=\"839\">Ideal para presente de beb\u00e9<\/p>\n<\/li>\n<\/ul>","protected":false},"featured_media":7596,"comment_status":"open","ping_status":"closed","template":"","meta":[],"product_brand":[],"product_cat":[124],"product_tag":[84,83],"class_list":{"0":"post-7589","1":"product","2":"type-product","3":"status-publish","4":"has-post-thumbnail","6":"product_cat-porta-chuchas","7":"product_tag-autocolantes-decorativos","8":"product_tag-decoracao","10":"first","11":"instock","12":"purchasable","13":"product-type-variable"},"yoast_head":"<!-- This site is optimized with the Yoast SEO plugin v26.4 - https:\/\/yoast.com\/wordpress\/plugins\/seo\/ -->\n<title>Porta-chuchas Personalizado - uani baby<\/title>\n<meta name=\"description\" content=\"Porta-chuchas personalizado com clip em madeira natural, pr\u00e1tico e elegante para manter a chucha sempre segura e acess\u00edvel.\" \/>\n<meta name=\"robots\" content=\"index, follow, max-snippet:-1, max-image-preview:large, max-video-preview:-1\" \/>\n<link rel=\"canonical\" href=\"https:\/\/uanibaby.com\/es\/product\/porta-chuchas-personalizado\/\" \/>\n<meta property=\"og:locale\" content=\"es_ES\" \/>\n<meta property=\"og:type\" content=\"article\" \/>\n<meta property=\"og:title\" content=\"Porta-chuchas Personalizado - uani baby\" \/>\n<meta property=\"og:description\" content=\"Porta-chuchas personalizado com clip em madeira natural, pr\u00e1tico e elegante para manter a chucha sempre segura e acess\u00edvel.\" \/>\n<meta property=\"og:url\" content=\"https:\/\/uanibaby.com\/es\/product\/porta-chuchas-personalizado\/\" \/>\n<meta property=\"og:site_name\" content=\"uani baby\" \/>\n<meta property=\"article:publisher\" content=\"https:\/\/www.facebook.com\/profile.php?id=100077602208908\" \/>\n<meta property=\"article:modified_time\" content=\"2026-04-03T11:07:40+00:00\" \/>\n<meta property=\"og:image\" content=\"https:\/\/uanibaby.com\/wp-content\/uploads\/2026\/02\/IMG_1811-2-scaled.jpg\" \/>\n\t<meta property=\"og:image:width\" content=\"1920\" \/>\n\t<meta property=\"og:image:height\" content=\"2560\" \/>\n\t<meta property=\"og:image:type\" content=\"image\/jpeg\" \/>\n<meta name=\"twitter:card\" content=\"summary_large_image\" \/>\n<meta name=\"twitter:label1\" content=\"Tiempo de lectura\" \/>\n\t<meta name=\"twitter:data1\" content=\"1 minuto\" \/>\n<script type=\"application\/ld+json\" class=\"yoast-schema-graph\">{\"@context\":\"https:\/\/schema.org\",\"@graph\":[{\"@type\":\"WebPage\",\"@id\":\"https:\/\/uanibaby.com\/product\/porta-chuchas-personalizado\/\",\"url\":\"https:\/\/uanibaby.com\/product\/porta-chuchas-personalizado\/\",\"name\":\"Porta-chuchas Personalizado - uani baby\",\"isPartOf\":{\"@id\":\"https:\/\/uanibaby.com\/#website\"},\"primaryImageOfPage\":{\"@id\":\"https:\/\/uanibaby.com\/product\/porta-chuchas-personalizado\/#primaryimage\"},\"image\":{\"@id\":\"https:\/\/uanibaby.com\/product\/porta-chuchas-personalizado\/#primaryimage\"},\"thumbnailUrl\":\"https:\/\/uanibaby.com\/wp-content\/uploads\/2026\/02\/IMG_1811-2-scaled.jpg\",\"datePublished\":\"2026-02-20T12:24:55+00:00\",\"dateModified\":\"2026-04-03T11:07:40+00:00\",\"description\":\"Porta-chuchas personalizado com clip em madeira natural, pr\u00e1tico e elegante para manter a chucha sempre segura e acess\u00edvel.\",\"breadcrumb\":{\"@id\":\"https:\/\/uanibaby.com\/product\/porta-chuchas-personalizado\/#breadcrumb\"},\"inLanguage\":\"es\",\"potentialAction\":[{\"@type\":\"ReadAction\",\"target\":[\"https:\/\/uanibaby.com\/product\/porta-chuchas-personalizado\/\"]}]},{\"@type\":\"ImageObject\",\"inLanguage\":\"es\",\"@id\":\"https:\/\/uanibaby.com\/product\/porta-chuchas-personalizado\/#primaryimage\",\"url\":\"https:\/\/uanibaby.com\/wp-content\/uploads\/2026\/02\/IMG_1811-2-scaled.jpg\",\"contentUrl\":\"https:\/\/uanibaby.com\/wp-content\/uploads\/2026\/02\/IMG_1811-2-scaled.jpg\",\"width\":1920,\"height\":2560},{\"@type\":\"BreadcrumbList\",\"@id\":\"https:\/\/uanibaby.com\/product\/porta-chuchas-personalizado\/#breadcrumb\",\"itemListElement\":[{\"@type\":\"ListItem\",\"position\":1,\"name\":\"Home\",\"item\":\"https:\/\/uanibaby.com\/\"},{\"@type\":\"ListItem\",\"position\":2,\"name\":\"Shop\",\"item\":\"https:\/\/uanibaby.com\/shop\/\"},{\"@type\":\"ListItem\",\"position\":3,\"name\":\"Porta-chuchas Personalizado\"}]},{\"@type\":\"WebSite\",\"@id\":\"https:\/\/uanibaby.com\/#website\",\"url\":\"https:\/\/uanibaby.com\/\",\"name\":\"Uani Baby\",\"description\":\"Artigos personalizados para beb\u00e9 e acess\u00f3rios de organiza\u00e7\u00e3o\",\"publisher\":{\"@id\":\"https:\/\/uanibaby.com\/#organization\"},\"alternateName\":\"Uani\",\"potentialAction\":[{\"@type\":\"SearchAction\",\"target\":{\"@type\":\"EntryPoint\",\"urlTemplate\":\"https:\/\/uanibaby.com\/?s={search_term_string}\"},\"query-input\":{\"@type\":\"PropertyValueSpecification\",\"valueRequired\":true,\"valueName\":\"search_term_string\"}}],\"inLanguage\":\"es\"},{\"@type\":\"Organization\",\"@id\":\"https:\/\/uanibaby.com\/#organization\",\"name\":\"uani baby\",\"url\":\"https:\/\/uanibaby.com\/\",\"logo\":{\"@type\":\"ImageObject\",\"inLanguage\":\"es\",\"@id\":\"https:\/\/uanibaby.com\/#\/schema\/logo\/image\/\",\"url\":\"https:\/\/uanibaby.com\/wp-content\/uploads\/2024\/07\/Logos-04-Artboard-1-Copy-3.jpg\",\"contentUrl\":\"https:\/\/uanibaby.com\/wp-content\/uploads\/2024\/07\/Logos-04-Artboard-1-Copy-3.jpg\",\"width\":2363,\"height\":2364,\"caption\":\"uani baby\"},\"image\":{\"@id\":\"https:\/\/uanibaby.com\/#\/schema\/logo\/image\/\"},\"sameAs\":[\"https:\/\/www.facebook.com\/profile.php?id=100077602208908\",\"https:\/\/www.instagram.com\/uani.baby\/\"]}]}<\/script>\n<!-- \/ Yoast SEO plugin. -->","yoast_head_json":{"title":"Porta-chuchas Personalizado - uani baby","description":"Porta-chuchas personalizado com clip em madeira natural, pr\u00e1tico e elegante para manter a chucha sempre segura e acess\u00edvel.","robots":{"index":"index","follow":"follow","max-snippet":"max-snippet:-1","max-image-preview":"max-image-preview:large","max-video-preview":"max-video-preview:-1"},"canonical":"https:\/\/uanibaby.com\/es\/product\/porta-chuchas-personalizado\/","og_locale":"es_ES","og_type":"article","og_title":"Porta-chuchas Personalizado - uani baby","og_description":"Porta-chuchas personalizado com clip em madeira natural, pr\u00e1tico e elegante para manter a chucha sempre segura e acess\u00edvel.","og_url":"https:\/\/uanibaby.com\/es\/product\/porta-chuchas-personalizado\/","og_site_name":"uani baby","article_publisher":"https:\/\/www.facebook.com\/profile.php?id=100077602208908","article_modified_time":"2026-04-03T11:07:40+00:00","og_image":[{"width":1920,"height":2560,"url":"https:\/\/uanibaby.com\/wp-content\/uploads\/2026\/02\/IMG_1811-2-scaled.jpg","type":"image\/jpeg"}],"twitter_card":"summary_large_image","twitter_misc":{"Tiempo de lectura":"1 minuto"},"schema":{"@context":"https:\/\/schema.org","@graph":[{"@type":"WebPage","@id":"https:\/\/uanibaby.com\/product\/porta-chuchas-personalizado\/","url":"https:\/\/uanibaby.com\/product\/porta-chuchas-personalizado\/","name":"Porta-chuchas Personalizado - uani baby","isPartOf":{"@id":"https:\/\/uanibaby.com\/#website"},"primaryImageOfPage":{"@id":"https:\/\/uanibaby.com\/product\/porta-chuchas-personalizado\/#primaryimage"},"image":{"@id":"https:\/\/uanibaby.com\/product\/porta-chuchas-personalizado\/#primaryimage"},"thumbnailUrl":"https:\/\/uanibaby.com\/wp-content\/uploads\/2026\/02\/IMG_1811-2-scaled.jpg","datePublished":"2026-02-20T12:24:55+00:00","dateModified":"2026-04-03T11:07:40+00:00","description":"Porta-chuchas personalizado com clip em madeira natural, pr\u00e1tico e elegante para manter a chucha sempre segura e acess\u00edvel.","breadcrumb":{"@id":"https:\/\/uanibaby.com\/product\/porta-chuchas-personalizado\/#breadcrumb"},"inLanguage":"es","potentialAction":[{"@type":"ReadAction","target":["https:\/\/uanibaby.com\/product\/porta-chuchas-personalizado\/"]}]},{"@type":"ImageObject","inLanguage":"es","@id":"https:\/\/uanibaby.com\/product\/porta-chuchas-personalizado\/#primaryimage","url":"https:\/\/uanibaby.com\/wp-content\/uploads\/2026\/02\/IMG_1811-2-scaled.jpg","contentUrl":"https:\/\/uanibaby.com\/wp-content\/uploads\/2026\/02\/IMG_1811-2-scaled.jpg","width":1920,"height":2560},{"@type":"BreadcrumbList","@id":"https:\/\/uanibaby.com\/product\/porta-chuchas-personalizado\/#breadcrumb","itemListElement":[{"@type":"ListItem","position":1,"name":"Home","item":"https:\/\/uanibaby.com\/"},{"@type":"ListItem","position":2,"name":"Shop","item":"https:\/\/uanibaby.com\/shop\/"},{"@type":"ListItem","position":3,"name":"Porta-chuchas Personalizado"}]},{"@type":"WebSite","@id":"https:\/\/uanibaby.com\/#website","url":"https:\/\/uanibaby.com\/","name":"Uani Baby","description":"Artigos personalizados para beb\u00e9 e acess\u00f3rios de organiza\u00e7\u00e3o","publisher":{"@id":"https:\/\/uanibaby.com\/#organization"},"alternateName":"Uani","potentialAction":[{"@type":"SearchAction","target":{"@type":"EntryPoint","urlTemplate":"https:\/\/uanibaby.com\/?s={search_term_string}"},"query-input":{"@type":"PropertyValueSpecification","valueRequired":true,"valueName":"search_term_string"}}],"inLanguage":"es"},{"@type":"Organization","@id":"https:\/\/uanibaby.com\/#organization","name":"uani baby","url":"https:\/\/uanibaby.com\/","logo":{"@type":"ImageObject","inLanguage":"es","@id":"https:\/\/uanibaby.com\/#\/schema\/logo\/image\/","url":"https:\/\/uanibaby.com\/wp-content\/uploads\/2024\/07\/Logos-04-Artboard-1-Copy-3.jpg","contentUrl":"https:\/\/uanibaby.com\/wp-content\/uploads\/2024\/07\/Logos-04-Artboard-1-Copy-3.jpg","width":2363,"height":2364,"caption":"uani baby"},"image":{"@id":"https:\/\/uanibaby.com\/#\/schema\/logo\/image\/"},"sameAs":["https:\/\/www.facebook.com\/profile.php?id=100077602208908","https:\/\/www.instagram.com\/uani.baby\/"]}]}},"_links":{"self":[{"href":"https:\/\/uanibaby.com\/es\/wp-json\/wp\/v2\/product\/7589","targetHints":{"allow":["GET"]}}],"collection":[{"href":"https:\/\/uanibaby.com\/es\/wp-json\/wp\/v2\/product"}],"about":[{"href":"https:\/\/uanibaby.com\/es\/wp-json\/wp\/v2\/types\/product"}],"replies":[{"embeddable":true,"href":"https:\/\/uanibaby.com\/es\/wp-json\/wp\/v2\/comments?post=7589"}],"wp:featuredmedia":[{"embeddable":true,"href":"https:\/\/uanibaby.com\/es\/wp-json\/wp\/v2\/media\/7596"}],"wp:attachment":[{"href":"https:\/\/uanibaby.com\/es\/wp-json\/wp\/v2\/media?parent=7589"}],"wp:term":[{"taxonomy":"product_brand","embeddable":true,"href":"https:\/\/uanibaby.com\/es\/wp-json\/wp\/v2\/product_brand?post=7589"},{"taxonomy":"product_cat","embeddable":true,"href":"https:\/\/uanibaby.com\/es\/wp-json\/wp\/v2\/product_cat?post=7589"},{"taxonomy":"product_tag","embeddable":true,"href":"https:\/\/uanibaby.com\/es\/wp-json\/wp\/v2\/product_tag?post=7589"}],"curies":[{"name":"wp","href":"https:\/\/api.w.org\/{rel}","templated":true}]}}